{"id":2372,"date":"2018-11-20T11:26:04","date_gmt":"2018-11-20T10:26:04","guid":{"rendered":"https:\/\/augsburgerknopffabrik.de\/home\/"},"modified":"2026-03-01T11:07:57","modified_gmt":"2026-03-01T10:07:57","slug":"home","status":"publish","type":"page","link":"https:\/\/www.augsburgerknopffabrik.de\/en\/","title":{"rendered":"Home"},"content":{"rendered":"<div class=\"fusion-fullwidth fullwidth-box fusion-builder-row-1 fusion-flex-container nonhundred-percent-fullwidth non-hundred-percent-height-scrolling\" style=\"--awb-border-radius-top-left:0px;--awb-border-radius-top-right:0px;--awb-border-radius-bottom-right:0px;--awb-border-radius-bottom-left:0px;--awb-flex-wrap:wrap;\" ><div class=\"fusion-builder-row fusion-row fusion-flex-align-items-flex-start fusion-flex-content-wrap\" style=\"max-width:1144px;margin-left: calc(-4% \/ 2 );margin-right: calc(-4% \/ 2 );\"><div class=\"fusion-layout-column fusion_builder_column fusion-builder-column-0 fusion_builder_column_1_1 1_1 fusion-flex-column\" style=\"--awb-bg-size:cover;--awb-width-large:100%;--awb-margin-top-large:0px;--awb-spacing-right-large:1.92%;--awb-margin-bottom-large:0px;--awb-spacing-left-large:1.92%;--awb-width-medium:100%;--awb-spacing-right-medium:1.92%;--awb-spacing-left-medium:1.92%;--awb-width-small:100%;--awb-spacing-right-small:1.92%;--awb-spacing-left-small:1.92%;\"><div class=\"fusion-column-wrapper fusion-flex-justify-content-flex-start fusion-content-layout-column\"><div class=\"fusion-text fusion-text-1\"><h1>Augsburger Knopffabrik<\/h1>\n<p>The <strong>Augsburger Knopffabrik<\/strong> is a traditional company. Founded since 1894 and is family owned.<\/p>\n<p>Our production is in Augsburg and all work processes take place here from the blank to the finished button.<br \/>\nThis enables us to deliver <strong>fast<\/strong>, <strong>flexible<\/strong> and <strong>price-oriented<\/strong>.<\/p>\n<p>Due to our many years of experience and special color processes, we are a leading supplier to <strong>premium clothing manufacturers<\/strong> worldwide.<\/p>\n<p>Our three product lines Classic, Casual and Country combine sound handicraft skills and antenna for innovations.<\/p>\n<p>Special emphasis is being laid on production of buttons of real buffalo horn.<\/p>\n<\/div><div class=\"fusion-builder-row fusion-builder-row-inner fusion-row fusion-flex-align-items-flex-start fusion-flex-content-wrap\" style=\"--awb-flex-grow:0;--awb-flex-grow-medium:0;--awb-flex-grow-small:0;--awb-flex-shrink:0;--awb-flex-shrink-medium:0;--awb-flex-shrink-small:0;width:104% !important;max-width:104% !important;margin-left: calc(-4% \/ 2 );margin-right: calc(-4% \/ 2 );\"><div class=\"fusion-layout-column fusion_builder_column_inner fusion-builder-nested-column-0 fusion_builder_column_inner_1_2 1_2 fusion-flex-column\" style=\"--awb-bg-size:cover;--awb-width-large:50%;--awb-margin-top-large:0px;--awb-spacing-right-large:3.84%;--awb-margin-bottom-large:20px;--awb-spacing-left-large:3.84%;--awb-width-medium:100%;--awb-spacing-right-medium:1.92%;--awb-spacing-left-medium:1.92%;--awb-width-small:100%;--awb-spacing-right-small:1.92%;--awb-spacing-left-small:1.92%;\"><div class=\"fusion-column-wrapper fusion-flex-justify-content-flex-start fusion-content-layout-column\"><div class=\"fusion-image-element \" style=\"--awb-caption-title-font-family:var(--h2_typography-font-family);--awb-caption-title-font-weight:var(--h2_typography-font-weight);--awb-caption-title-font-style:var(--h2_typography-font-style);--awb-caption-title-size:var(--h2_typography-font-size);--awb-caption-title-transform:var(--h2_typography-text-transform);--awb-caption-title-line-height:var(--h2_typography-line-height);--awb-caption-title-letter-spacing:var(--h2_typography-letter-spacing);\"><span class=\" fusion-imageframe imageframe-none imageframe-1 hover-type-none\"><img decoding=\"async\" width=\"1100\" height=\"825\" alt=\"Button production Augsburger Knopffabrik\" title=\"Knopfproduktion\" src=\"https:\/\/www.augsburgerknopffabrik.de\/wp-content\/uploads\/Knopfproduktion-1100x825.webp\" data-orig-src=\"https:\/\/www.augsburgerknopffabrik.de\/wp-content\/uploads\/Knopfproduktion-1100x825.webp\" class=\"lazyload img-responsive wp-image-385\" srcset=\"data:image\/svg+xml,%3Csvg%20xmlns%3D%27http%3A%2F%2Fwww.w3.org%2F2000%2Fsvg%27%20width%3D%271100%27%20height%3D%27825%27%20viewBox%3D%270%200%201100%20825%27%3E%3Crect%20width%3D%271100%27%20height%3D%27825%27%20fill-opacity%3D%220%22%2F%3E%3C%2Fsvg%3E\" data-srcset=\"https:\/\/www.augsburgerknopffabrik.de\/wp-content\/uploads\/Knopfproduktion-1100x825-200x150.webp 200w, https:\/\/www.augsburgerknopffabrik.de\/wp-content\/uploads\/Knopfproduktion-1100x825-400x300.webp 400w, https:\/\/www.augsburgerknopffabrik.de\/wp-content\/uploads\/Knopfproduktion-1100x825-600x450.webp 600w, https:\/\/www.augsburgerknopffabrik.de\/wp-content\/uploads\/Knopfproduktion-1100x825-800x600.webp 800w\" data-sizes=\"auto\" data-orig-sizes=\"(max-width: 1024px) 100vw, (max-width: 640px) 100vw, 600px\" \/><\/span><\/div><\/div><\/div><div class=\"fusion-layout-column fusion_builder_column_inner fusion-builder-nested-column-1 fusion_builder_column_inner_1_2 1_2 fusion-flex-column\" style=\"--awb-bg-size:cover;--awb-width-large:50%;--awb-margin-top-large:0px;--awb-spacing-right-large:3.84%;--awb-margin-bottom-large:20px;--awb-spacing-left-large:3.84%;--awb-width-medium:100%;--awb-spacing-right-medium:1.92%;--awb-spacing-left-medium:1.92%;--awb-width-small:100%;--awb-spacing-right-small:1.92%;--awb-spacing-left-small:1.92%;\"><div class=\"fusion-column-wrapper fusion-flex-justify-content-flex-start fusion-content-layout-column\"><div class=\"fusion-image-element \" style=\"--awb-caption-title-font-family:var(--h2_typography-font-family);--awb-caption-title-font-weight:var(--h2_typography-font-weight);--awb-caption-title-font-style:var(--h2_typography-font-style);--awb-caption-title-size:var(--h2_typography-font-size);--awb-caption-title-transform:var(--h2_typography-text-transform);--awb-caption-title-line-height:var(--h2_typography-line-height);--awb-caption-title-letter-spacing:var(--h2_typography-letter-spacing);\"><span class=\" fusion-imageframe imageframe-none imageframe-2 hover-type-none\"><img decoding=\"async\" width=\"1100\" height=\"825\" alt=\"Knopflager\" title=\"Knopflager\" src=\"https:\/\/www.augsburgerknopffabrik.de\/wp-content\/uploads\/Knopflager-1100x825k.webp\" data-orig-src=\"https:\/\/www.augsburgerknopffabrik.de\/wp-content\/uploads\/Knopflager-1100x825k.webp\" class=\"lazyload img-responsive wp-image-381\" srcset=\"data:image\/svg+xml,%3Csvg%20xmlns%3D%27http%3A%2F%2Fwww.w3.org%2F2000%2Fsvg%27%20width%3D%271100%27%20height%3D%27825%27%20viewBox%3D%270%200%201100%20825%27%3E%3Crect%20width%3D%271100%27%20height%3D%27825%27%20fill-opacity%3D%220%22%2F%3E%3C%2Fsvg%3E\" data-srcset=\"https:\/\/www.augsburgerknopffabrik.de\/wp-content\/uploads\/Knopflager-1100x825k-200x150.jpg 200w, https:\/\/www.augsburgerknopffabrik.de\/wp-content\/uploads\/Knopflager-1100x825k-400x300.jpg 400w, https:\/\/www.augsburgerknopffabrik.de\/wp-content\/uploads\/Knopflager-1100x825k-600x450.jpg 600w, https:\/\/www.augsburgerknopffabrik.de\/wp-content\/uploads\/Knopflager-1100x825k-800x600.jpg 800w, https:\/\/www.augsburgerknopffabrik.de\/wp-content\/uploads\/Knopflager-1100x825k.webp 1100w\" data-sizes=\"auto\" data-orig-sizes=\"(max-width: 1024px) 100vw, (max-width: 640px) 100vw, 600px\" \/><\/span><\/div><\/div><\/div><\/div><\/div><\/div><\/div><\/div>\n","protected":false},"excerpt":{"rendered":"","protected":false},"author":1,"featured_media":0,"parent":0,"menu_order":0,"comment_status":"closed","ping_status":"closed","template":"","meta":{"footnotes":""},"class_list":["post-2372","page","type-page","status-publish","hentry"],"yoast_head":"<!-- This site is optimized with the Yoast SEO plugin v27.4 - https:\/\/yoast.com\/product\/yoast-seo-wordpress\/ -->\n<title>Augsburger Knopffabrik Onlineshop buy buttons from the manufacturer<\/title>\n<meta name=\"description\" content=\"The Augsburger Knopffabrik is a traditional company. Button manufacturer with production in Germany. Onlineshop, buttons made of buffalo horn, ...\" \/>\n<meta name=\"robots\" content=\"index, follow, max-snippet:-1, max-image-preview:large, max-video-preview:-1\" \/>\n<link rel=\"canonical\" href=\"https:\/\/www.augsburgerknopffabrik.de\/en\/\" \/>\n<meta property=\"og:locale\" content=\"en_US\" \/>\n<meta property=\"og:type\" content=\"article\" \/>\n<meta property=\"og:title\" content=\"Augsburger Knopffabrik Onlineshop buy buttons from the manufacturer\" \/>\n<meta property=\"og:description\" content=\"The Augsburger Knopffabrik is a traditional company. Button manufacturer with production in Germany. Onlineshop, buttons made of buffalo horn, ...\" \/>\n<meta property=\"og:url\" content=\"https:\/\/www.augsburgerknopffabrik.de\/en\/\" \/>\n<meta property=\"og:site_name\" content=\"Augsburger Knopffabrik\" \/>\n<meta property=\"article:modified_time\" content=\"2026-03-01T10:07:57+00:00\" \/>\n<meta name=\"twitter:card\" content=\"summary_large_image\" \/>\n<meta name=\"twitter:label1\" content=\"Est. reading time\" \/>\n\t<meta name=\"twitter:data1\" content=\"1 minute\" \/>\n<script type=\"application\/ld+json\" class=\"yoast-schema-graph\">{\"@context\":\"https:\\\/\\\/schema.org\",\"@graph\":[{\"@type\":\"WebPage\",\"@id\":\"https:\\\/\\\/www.augsburgerknopffabrik.de\\\/en\\\/\",\"url\":\"https:\\\/\\\/www.augsburgerknopffabrik.de\\\/en\\\/\",\"name\":\"Augsburger Knopffabrik Onlineshop buy buttons from the manufacturer\",\"isPartOf\":{\"@id\":\"https:\\\/\\\/www.augsburgerknopffabrik.de\\\/#website\"},\"datePublished\":\"2018-11-20T10:26:04+00:00\",\"dateModified\":\"2026-03-01T10:07:57+00:00\",\"description\":\"The Augsburger Knopffabrik is a traditional company. Button manufacturer with production in Germany. Onlineshop, buttons made of buffalo horn, ...\",\"breadcrumb\":{\"@id\":\"https:\\\/\\\/www.augsburgerknopffabrik.de\\\/en\\\/#breadcrumb\"},\"inLanguage\":\"en-US\",\"potentialAction\":[{\"@type\":\"ReadAction\",\"target\":[\"https:\\\/\\\/www.augsburgerknopffabrik.de\\\/en\\\/\"]}]},{\"@type\":\"BreadcrumbList\",\"@id\":\"https:\\\/\\\/www.augsburgerknopffabrik.de\\\/en\\\/#breadcrumb\",\"itemListElement\":[{\"@type\":\"ListItem\",\"position\":1,\"name\":\"Startseite\",\"item\":\"https:\\\/\\\/www.augsburgerknopffabrik.de\\\/en\\\/\"},{\"@type\":\"ListItem\",\"position\":2,\"name\":\"Home\"}]},{\"@type\":\"WebSite\",\"@id\":\"https:\\\/\\\/www.augsburgerknopffabrik.de\\\/#website\",\"url\":\"https:\\\/\\\/www.augsburgerknopffabrik.de\\\/\",\"name\":\"Augsburger Knopffabrik\",\"description\":\"Knopfhersteller Kn\u00f6pfe B\u00fcffelhornkn\u00f6pfe\",\"potentialAction\":[{\"@type\":\"SearchAction\",\"target\":{\"@type\":\"EntryPoint\",\"urlTemplate\":\"https:\\\/\\\/www.augsburgerknopffabrik.de\\\/?s={search_term_string}\"},\"query-input\":{\"@type\":\"PropertyValueSpecification\",\"valueRequired\":true,\"valueName\":\"search_term_string\"}}],\"inLanguage\":\"en-US\"}]}<\/script>\n<!-- \/ Yoast SEO plugin. -->","yoast_head_json":{"title":"Augsburger Knopffabrik Onlineshop buy buttons from the manufacturer","description":"The Augsburger Knopffabrik is a traditional company. Button manufacturer with production in Germany. Onlineshop, buttons made of buffalo horn, ...","robots":{"index":"index","follow":"follow","max-snippet":"max-snippet:-1","max-image-preview":"max-image-preview:large","max-video-preview":"max-video-preview:-1"},"canonical":"https:\/\/www.augsburgerknopffabrik.de\/en\/","og_locale":"en_US","og_type":"article","og_title":"Augsburger Knopffabrik Onlineshop buy buttons from the manufacturer","og_description":"The Augsburger Knopffabrik is a traditional company. Button manufacturer with production in Germany. Onlineshop, buttons made of buffalo horn, ...","og_url":"https:\/\/www.augsburgerknopffabrik.de\/en\/","og_site_name":"Augsburger Knopffabrik","article_modified_time":"2026-03-01T10:07:57+00:00","twitter_card":"summary_large_image","twitter_misc":{"Est. reading time":"1 minute"},"schema":{"@context":"https:\/\/schema.org","@graph":[{"@type":"WebPage","@id":"https:\/\/www.augsburgerknopffabrik.de\/en\/","url":"https:\/\/www.augsburgerknopffabrik.de\/en\/","name":"Augsburger Knopffabrik Onlineshop buy buttons from the manufacturer","isPartOf":{"@id":"https:\/\/www.augsburgerknopffabrik.de\/#website"},"datePublished":"2018-11-20T10:26:04+00:00","dateModified":"2026-03-01T10:07:57+00:00","description":"The Augsburger Knopffabrik is a traditional company. Button manufacturer with production in Germany. Onlineshop, buttons made of buffalo horn, ...","breadcrumb":{"@id":"https:\/\/www.augsburgerknopffabrik.de\/en\/#breadcrumb"},"inLanguage":"en-US","potentialAction":[{"@type":"ReadAction","target":["https:\/\/www.augsburgerknopffabrik.de\/en\/"]}]},{"@type":"BreadcrumbList","@id":"https:\/\/www.augsburgerknopffabrik.de\/en\/#breadcrumb","itemListElement":[{"@type":"ListItem","position":1,"name":"Startseite","item":"https:\/\/www.augsburgerknopffabrik.de\/en\/"},{"@type":"ListItem","position":2,"name":"Home"}]},{"@type":"WebSite","@id":"https:\/\/www.augsburgerknopffabrik.de\/#website","url":"https:\/\/www.augsburgerknopffabrik.de\/","name":"Augsburger Knopffabrik","description":"Knopfhersteller Kn\u00f6pfe B\u00fcffelhornkn\u00f6pfe","potentialAction":[{"@type":"SearchAction","target":{"@type":"EntryPoint","urlTemplate":"https:\/\/www.augsburgerknopffabrik.de\/?s={search_term_string}"},"query-input":{"@type":"PropertyValueSpecification","valueRequired":true,"valueName":"search_term_string"}}],"inLanguage":"en-US"}]}},"_links":{"self":[{"href":"https:\/\/www.augsburgerknopffabrik.de\/en\/wp-json\/wp\/v2\/pages\/2372","targetHints":{"allow":["GET"]}}],"collection":[{"href":"https:\/\/www.augsburgerknopffabrik.de\/en\/wp-json\/wp\/v2\/pages"}],"about":[{"href":"https:\/\/www.augsburgerknopffabrik.de\/en\/wp-json\/wp\/v2\/types\/page"}],"author":[{"embeddable":true,"href":"https:\/\/www.augsburgerknopffabrik.de\/en\/wp-json\/wp\/v2\/users\/1"}],"replies":[{"embeddable":true,"href":"https:\/\/www.augsburgerknopffabrik.de\/en\/wp-json\/wp\/v2\/comments?post=2372"}],"version-history":[{"count":0,"href":"https:\/\/www.augsburgerknopffabrik.de\/en\/wp-json\/wp\/v2\/pages\/2372\/revisions"}],"wp:attachment":[{"href":"https:\/\/www.augsburgerknopffabrik.de\/en\/wp-json\/wp\/v2\/media?parent=2372"}],"curies":[{"name":"wp","href":"https:\/\/api.w.org\/{rel}","templated":true}]}}