{"id":2437,"date":"2018-11-20T16:20:54","date_gmt":"2018-11-20T15:20:54","guid":{"rendered":"https:\/\/augsburgerknopffabrik.de\/imprint\/"},"modified":"2024-07-17T10:19:43","modified_gmt":"2024-07-17T08:19:43","slug":"imprint","status":"publish","type":"page","link":"https:\/\/www.augsburgerknopffabrik.de\/en\/imprint\/","title":{"rendered":"Imprint"},"content":{"rendered":"<div class=\"fusion-fullwidth fullwidth-box fusion-builder-row-1 fusion-flex-container nonhundred-percent-fullwidth non-hundred-percent-height-scrolling\" style=\"--awb-border-radius-top-left:0px;--awb-border-radius-top-right:0px;--awb-border-radius-bottom-right:0px;--awb-border-radius-bottom-left:0px;--awb-flex-wrap:wrap;\" ><div class=\"fusion-builder-row fusion-row fusion-flex-align-items-flex-start fusion-flex-content-wrap\" style=\"max-width:calc( 1100px + 0px );margin-left: calc(-0px \/ 2 );margin-right: calc(-0px \/ 2 );\"><div class=\"fusion-layout-column fusion_builder_column fusion-builder-column-0 fusion_builder_column_1_1 1_1 fusion-flex-column\" style=\"--awb-bg-size:cover;--awb-width-large:100%;--awb-margin-top-large:0px;--awb-spacing-right-large:0px;--awb-margin-bottom-large:0px;--awb-spacing-left-large:0px;--awb-width-medium:100%;--awb-spacing-right-medium:0px;--awb-spacing-left-medium:0px;--awb-width-small:100%;--awb-spacing-right-small:0px;--awb-spacing-left-small:0px;\"><div class=\"fusion-column-wrapper fusion-flex-justify-content-flex-start fusion-content-layout-column\"><div class=\"fusion-separator fusion-full-width-sep\" style=\"align-self: center;margin-left: auto;margin-right: auto;margin-top:40px;width:100%;\"><\/div><div class=\"fusion-text fusion-text-1\"><div class=\"fusion-text\">\n<h2>IMPRINT<\/h2>\n<p>Information according to \u00a75 TMG<\/p>\n<p>Augsburger Knopffabrik \/ Button Factory<br \/>\nSchneider &amp; S\u00f6hne \/ Schneider &amp; Sons<br \/>\nDipl. Ing. FH Franz-Joachim Schneider<br \/>\nT\u00e4fertinger Weg 12 b<br \/>\n86156 Augsburg<br \/>\nGermany<\/p>\n<p>Contact<br \/>\nPhone: +49 821 461612<br \/>\nfax: +49 821 463912<br \/>\nE-mail: info@augsburgerknopffabrik.de<\/p>\n<p>Commercial register: HRA 8536<br \/>\nRegister court: Local court Augsburg<\/p>\n<p>Sales tax ID<br \/>\nSales tax identification number according to \u00a727 a Umsatzsteuergesetz:<br \/>\nDE 127 437 329<\/p>\n<p>German Bank Augsburg<br \/>\nIBAN : DE 5172 0700 2400 6348 0801<br \/>\nBIC : DEUTDEDB720<\/p>\n<p><strong>Dispute resolution<\/strong><br \/>\nEU Commission platform for online dispute resolution: https:\/\/ec.europa.eu\/consumers\/odr<br \/>\nWe are not obliged to participate in a dispute resolution procedure before a consumer arbitration board, but are generally prepared to do so.<\/p>\n<p><strong>Liability for contents<\/strong><br \/>\nAs a service provider, we are responsible for our own content on these pages in accordance with general legislation pursuant to Section 7 (1) of the German Telemedia Act (TMG). However, according to \u00a7\u00a7 8 to 10 TMG, as a service provider we are not obliged to monitor transmitted or stored third-party information or to search for circumstances that indicate illegal activity.obligations to remove or block the use of information according to general laws remain unaffected. However, liability in this respect is only possible from the point in time at which a concrete infringement of the law becomes known. If we become aware of any such infringements, we will remove the relevant content immediately.<\/p>\n<p><strong>Liability for links<\/strong><br \/>\nOur website contains links to external websites of third parties over whose content we have no influence, and we therefore cannot accept any liability for this external content. The respective provider or operator of the pages is always responsible for the content of the linked pages. The linked pages were checked for possible legal violations at the time of linking. However, a permanent control of the contents of the linked pages is not reasonable without concrete evidence of a violation of the law. If we become aware of any infringements of the law, we will remove such links immediately.<\/p>\n<p><strong>Copyright<\/strong><br \/>\nThe contents and works created by the site operators on these pages are subject to German copyright law. The reproduction, processing, distribution and any kind of exploitation outside the limits of copyright require the written consent of the respective author or creator.Downloads and copies of this site are only permitted for private, non-commercial use.Insofar as the content on this site was not created by the operator, the copyrights of third parties are respected. In particular, third-party content is marked as such. Should you nevertheless become aware of a copyright infringement, please inform us accordingly. If we become aware of any infringements, we will remove such content immediately.<\/p>\n<p><strong>Place of jurisdiction<\/strong><br \/>\nAugsburg<\/p>\n<p>Status 3\/2021 e-recht24.de<\/p>\n<p><a href=\"https:\/\/www.augsburgerknopffabrik.de\/en\/data-protection\/\">Privacy policy<\/a><\/p>\n<\/div>\n<\/div><div class=\"fusion-separator fusion-full-width-sep\" style=\"align-self: center;margin-left: auto;margin-right: auto;margin-top:10px;margin-bottom:10px;width:100%;\"><div class=\"fusion-separator-border sep-single sep-solid\" style=\"--awb-height:20px;--awb-amount:20px;border-color:#e0dede;border-top-width:1px;\"><\/div><\/div><div class=\"fusion-text fusion-text-2\"><p><img decoding=\"async\" class=\"lazyload size-full wp-image-40 alignleft\" src=\"data:image\/svg+xml,%3Csvg%20xmlns%3D%27http%3A%2F%2Fwww.w3.org%2F2000%2Fsvg%27%20width%3D%27144%27%20height%3D%27144%27%20viewBox%3D%270%200%20144%20144%27%3E%3Crect%20width%3D%27144%27%20height%3D%27144%27%20fill-opacity%3D%220%22%2F%3E%3C%2Fsvg%3E\" data-orig-src=\"https:\/\/www.augsburgerknopffabrik.de\/wp-content\/uploads\/Klick7-Webdesign-144x144.png\" alt=\"Klick7 Webdesign Augsburg\" width=\"144\" height=\"144\" \/><\/p>\n<div class=\"fusion-text\">\n<h3><strong>Web design &amp; realisation of the homepage<\/strong><\/h3>\n<p><a href=\"https:\/\/www.klick7.de\/\" target=\"_blank\" rel=\"noopener\">Klick7 Webdesign<\/a> | <a href=\"https:\/\/www.augsburg-webdesign.com\" target=\"_blank\" rel=\"noopener\">Webdesign Augsburg<\/a><\/p>\n<\/div>\n<\/div><\/div><\/div><\/div><\/div>\n","protected":false},"excerpt":{"rendered":"","protected":false},"author":1,"featured_media":0,"parent":0,"menu_order":0,"comment_status":"closed","ping_status":"closed","template":"","meta":{"footnotes":""},"class_list":["post-2437","page","type-page","status-publish","hentry"],"yoast_head":"<!-- This site is optimized with the Yoast SEO plugin v27.4 - https:\/\/yoast.com\/product\/yoast-seo-wordpress\/ -->\n<title>IMPRINT Augsburger Knopffabrik Information according to \u00a75 TMG<\/title>\n<meta name=\"description\" content=\"IMPRINT der Augsburger Knopffabrik. Augsburger Knopffabrik, Schneider &amp; S\u00f6hne, Dipl. Ing. FH Franz-Joachim Schneider, T\u00e4fertinger Weg 12 b, 86156 Augsburg\" \/>\n<meta name=\"robots\" content=\"index, follow, max-snippet:-1, max-image-preview:large, max-video-preview:-1\" \/>\n<link rel=\"canonical\" href=\"https:\/\/www.augsburgerknopffabrik.de\/en\/imprint\/\" \/>\n<meta property=\"og:locale\" content=\"en_US\" \/>\n<meta property=\"og:type\" content=\"article\" \/>\n<meta property=\"og:title\" content=\"IMPRINT Augsburger Knopffabrik Information according to \u00a75 TMG\" \/>\n<meta property=\"og:description\" content=\"IMPRINT der Augsburger Knopffabrik. Augsburger Knopffabrik, Schneider &amp; S\u00f6hne, Dipl. Ing. FH Franz-Joachim Schneider, T\u00e4fertinger Weg 12 b, 86156 Augsburg\" \/>\n<meta property=\"og:url\" content=\"https:\/\/www.augsburgerknopffabrik.de\/en\/imprint\/\" \/>\n<meta property=\"og:site_name\" content=\"Augsburger Knopffabrik\" \/>\n<meta property=\"article:modified_time\" content=\"2024-07-17T08:19:43+00:00\" \/>\n<meta property=\"og:image\" content=\"https:\/\/www.augsburgerknopffabrik.de\/wp-content\/uploads\/Klick7-Webdesign-144x144.png\" \/>\n<meta name=\"twitter:card\" content=\"summary_large_image\" \/>\n<meta name=\"twitter:label1\" content=\"Est. reading time\" \/>\n\t<meta name=\"twitter:data1\" content=\"3 minutes\" \/>\n<script type=\"application\/ld+json\" class=\"yoast-schema-graph\">{\"@context\":\"https:\\\/\\\/schema.org\",\"@graph\":[{\"@type\":\"WebPage\",\"@id\":\"https:\\\/\\\/www.augsburgerknopffabrik.de\\\/en\\\/imprint\\\/\",\"url\":\"https:\\\/\\\/www.augsburgerknopffabrik.de\\\/en\\\/imprint\\\/\",\"name\":\"IMPRINT Augsburger Knopffabrik Information according to \u00a75 TMG\",\"isPartOf\":{\"@id\":\"https:\\\/\\\/www.augsburgerknopffabrik.de\\\/#website\"},\"primaryImageOfPage\":{\"@id\":\"https:\\\/\\\/www.augsburgerknopffabrik.de\\\/en\\\/imprint\\\/#primaryimage\"},\"image\":{\"@id\":\"https:\\\/\\\/www.augsburgerknopffabrik.de\\\/en\\\/imprint\\\/#primaryimage\"},\"thumbnailUrl\":\"https:\\\/\\\/www.augsburgerknopffabrik.de\\\/wp-content\\\/uploads\\\/Klick7-Webdesign-144x144.png\",\"datePublished\":\"2018-11-20T15:20:54+00:00\",\"dateModified\":\"2024-07-17T08:19:43+00:00\",\"description\":\"IMPRINT der Augsburger Knopffabrik. Augsburger Knopffabrik, Schneider & S\u00f6hne, Dipl. Ing. FH Franz-Joachim Schneider, T\u00e4fertinger Weg 12 b, 86156 Augsburg\",\"breadcrumb\":{\"@id\":\"https:\\\/\\\/www.augsburgerknopffabrik.de\\\/en\\\/imprint\\\/#breadcrumb\"},\"inLanguage\":\"en-US\",\"potentialAction\":[{\"@type\":\"ReadAction\",\"target\":[\"https:\\\/\\\/www.augsburgerknopffabrik.de\\\/en\\\/imprint\\\/\"]}]},{\"@type\":\"ImageObject\",\"inLanguage\":\"en-US\",\"@id\":\"https:\\\/\\\/www.augsburgerknopffabrik.de\\\/en\\\/imprint\\\/#primaryimage\",\"url\":\"https:\\\/\\\/www.augsburgerknopffabrik.de\\\/wp-content\\\/uploads\\\/Klick7-Webdesign-144x144.png\",\"contentUrl\":\"https:\\\/\\\/www.augsburgerknopffabrik.de\\\/wp-content\\\/uploads\\\/Klick7-Webdesign-144x144.png\"},{\"@type\":\"BreadcrumbList\",\"@id\":\"https:\\\/\\\/www.augsburgerknopffabrik.de\\\/en\\\/imprint\\\/#breadcrumb\",\"itemListElement\":[{\"@type\":\"ListItem\",\"position\":1,\"name\":\"Startseite\",\"item\":\"https:\\\/\\\/www.augsburgerknopffabrik.de\\\/en\\\/\"},{\"@type\":\"ListItem\",\"position\":2,\"name\":\"Imprint\"}]},{\"@type\":\"WebSite\",\"@id\":\"https:\\\/\\\/www.augsburgerknopffabrik.de\\\/#website\",\"url\":\"https:\\\/\\\/www.augsburgerknopffabrik.de\\\/\",\"name\":\"Augsburger Knopffabrik\",\"description\":\"Knopfhersteller Kn\u00f6pfe B\u00fcffelhornkn\u00f6pfe\",\"potentialAction\":[{\"@type\":\"SearchAction\",\"target\":{\"@type\":\"EntryPoint\",\"urlTemplate\":\"https:\\\/\\\/www.augsburgerknopffabrik.de\\\/?s={search_term_string}\"},\"query-input\":{\"@type\":\"PropertyValueSpecification\",\"valueRequired\":true,\"valueName\":\"search_term_string\"}}],\"inLanguage\":\"en-US\"}]}<\/script>\n<!-- \/ Yoast SEO plugin. -->","yoast_head_json":{"title":"IMPRINT Augsburger Knopffabrik Information according to \u00a75 TMG","description":"IMPRINT der Augsburger Knopffabrik. Augsburger Knopffabrik, Schneider & S\u00f6hne, Dipl. Ing. FH Franz-Joachim Schneider, T\u00e4fertinger Weg 12 b, 86156 Augsburg","robots":{"index":"index","follow":"follow","max-snippet":"max-snippet:-1","max-image-preview":"max-image-preview:large","max-video-preview":"max-video-preview:-1"},"canonical":"https:\/\/www.augsburgerknopffabrik.de\/en\/imprint\/","og_locale":"en_US","og_type":"article","og_title":"IMPRINT Augsburger Knopffabrik Information according to \u00a75 TMG","og_description":"IMPRINT der Augsburger Knopffabrik. Augsburger Knopffabrik, Schneider & S\u00f6hne, Dipl. Ing. FH Franz-Joachim Schneider, T\u00e4fertinger Weg 12 b, 86156 Augsburg","og_url":"https:\/\/www.augsburgerknopffabrik.de\/en\/imprint\/","og_site_name":"Augsburger Knopffabrik","article_modified_time":"2024-07-17T08:19:43+00:00","og_image":[{"url":"https:\/\/www.augsburgerknopffabrik.de\/wp-content\/uploads\/Klick7-Webdesign-144x144.png","type":"","width":"","height":""}],"twitter_card":"summary_large_image","twitter_misc":{"Est. reading time":"3 minutes"},"schema":{"@context":"https:\/\/schema.org","@graph":[{"@type":"WebPage","@id":"https:\/\/www.augsburgerknopffabrik.de\/en\/imprint\/","url":"https:\/\/www.augsburgerknopffabrik.de\/en\/imprint\/","name":"IMPRINT Augsburger Knopffabrik Information according to \u00a75 TMG","isPartOf":{"@id":"https:\/\/www.augsburgerknopffabrik.de\/#website"},"primaryImageOfPage":{"@id":"https:\/\/www.augsburgerknopffabrik.de\/en\/imprint\/#primaryimage"},"image":{"@id":"https:\/\/www.augsburgerknopffabrik.de\/en\/imprint\/#primaryimage"},"thumbnailUrl":"https:\/\/www.augsburgerknopffabrik.de\/wp-content\/uploads\/Klick7-Webdesign-144x144.png","datePublished":"2018-11-20T15:20:54+00:00","dateModified":"2024-07-17T08:19:43+00:00","description":"IMPRINT der Augsburger Knopffabrik. Augsburger Knopffabrik, Schneider & S\u00f6hne, Dipl. Ing. FH Franz-Joachim Schneider, T\u00e4fertinger Weg 12 b, 86156 Augsburg","breadcrumb":{"@id":"https:\/\/www.augsburgerknopffabrik.de\/en\/imprint\/#breadcrumb"},"inLanguage":"en-US","potentialAction":[{"@type":"ReadAction","target":["https:\/\/www.augsburgerknopffabrik.de\/en\/imprint\/"]}]},{"@type":"ImageObject","inLanguage":"en-US","@id":"https:\/\/www.augsburgerknopffabrik.de\/en\/imprint\/#primaryimage","url":"https:\/\/www.augsburgerknopffabrik.de\/wp-content\/uploads\/Klick7-Webdesign-144x144.png","contentUrl":"https:\/\/www.augsburgerknopffabrik.de\/wp-content\/uploads\/Klick7-Webdesign-144x144.png"},{"@type":"BreadcrumbList","@id":"https:\/\/www.augsburgerknopffabrik.de\/en\/imprint\/#breadcrumb","itemListElement":[{"@type":"ListItem","position":1,"name":"Startseite","item":"https:\/\/www.augsburgerknopffabrik.de\/en\/"},{"@type":"ListItem","position":2,"name":"Imprint"}]},{"@type":"WebSite","@id":"https:\/\/www.augsburgerknopffabrik.de\/#website","url":"https:\/\/www.augsburgerknopffabrik.de\/","name":"Augsburger Knopffabrik","description":"Knopfhersteller Kn\u00f6pfe B\u00fcffelhornkn\u00f6pfe","potentialAction":[{"@type":"SearchAction","target":{"@type":"EntryPoint","urlTemplate":"https:\/\/www.augsburgerknopffabrik.de\/?s={search_term_string}"},"query-input":{"@type":"PropertyValueSpecification","valueRequired":true,"valueName":"search_term_string"}}],"inLanguage":"en-US"}]}},"_links":{"self":[{"href":"https:\/\/www.augsburgerknopffabrik.de\/en\/wp-json\/wp\/v2\/pages\/2437","targetHints":{"allow":["GET"]}}],"collection":[{"href":"https:\/\/www.augsburgerknopffabrik.de\/en\/wp-json\/wp\/v2\/pages"}],"about":[{"href":"https:\/\/www.augsburgerknopffabrik.de\/en\/wp-json\/wp\/v2\/types\/page"}],"author":[{"embeddable":true,"href":"https:\/\/www.augsburgerknopffabrik.de\/en\/wp-json\/wp\/v2\/users\/1"}],"replies":[{"embeddable":true,"href":"https:\/\/www.augsburgerknopffabrik.de\/en\/wp-json\/wp\/v2\/comments?post=2437"}],"version-history":[{"count":0,"href":"https:\/\/www.augsburgerknopffabrik.de\/en\/wp-json\/wp\/v2\/pages\/2437\/revisions"}],"wp:attachment":[{"href":"https:\/\/www.augsburgerknopffabrik.de\/en\/wp-json\/wp\/v2\/media?parent=2437"}],"curies":[{"name":"wp","href":"https:\/\/api.w.org\/{rel}","templated":true}]}}