{"id":20638,"date":"2022-11-11T12:21:50","date_gmt":"2022-11-11T11:21:50","guid":{"rendered":"https:\/\/augsburgerknopffabrik.de\/product\/coat-and-fur-closure-12\/"},"modified":"2026-04-16T10:46:22","modified_gmt":"2026-04-16T08:46:22","slug":"set-of-coat-and-fur-closures-4","status":"publish","type":"product","link":"https:\/\/www.augsburgerknopffabrik.de\/en\/product\/set-of-coat-and-fur-closures-4\/","title":{"rendered":"Set of coat and fur closures"},"content":{"rendered":"","protected":false},"excerpt":{"rendered":"","protected":false},"featured_media":28890,"template":"","meta":[],"product_brand":[],"product_cat":[196],"product_tag":[],"class_list":{"0":"post-20638","1":"product","2":"type-product","3":"status-publish","4":"has-post-thumbnail","6":"product_cat-button-set-e-595-e-995","8":"first","9":"instock","10":"taxable","11":"shipping-taxable","12":"purchasable","13":"product-type-variable"},"yoast_head":"<!-- This site is optimized with the Yoast SEO plugin v27.4 - https:\/\/yoast.com\/product\/yoast-seo-wordpress\/ -->\n<title>Set of coat and fur closures - Augsburger Knopffabrik<\/title>\n<meta name=\"robots\" content=\"index, follow, max-snippet:-1, max-image-preview:large, max-video-preview:-1\" \/>\n<link rel=\"canonical\" href=\"https:\/\/www.augsburgerknopffabrik.de\/en\/product\/set-of-coat-and-fur-closures-4\/\" \/>\n<meta property=\"og:locale\" content=\"en_US\" \/>\n<meta property=\"og:type\" content=\"article\" \/>\n<meta property=\"og:title\" content=\"Set of coat and fur closures - Augsburger Knopffabrik\" \/>\n<meta property=\"og:url\" content=\"https:\/\/www.augsburgerknopffabrik.de\/en\/product\/set-of-coat-and-fur-closures-4\/\" \/>\n<meta property=\"og:site_name\" content=\"Augsburger Knopffabrik\" \/>\n<meta property=\"article:modified_time\" content=\"2026-04-16T08:46:22+00:00\" \/>\n<meta property=\"og:image\" content=\"https:\/\/www.augsburgerknopffabrik.de\/wp-content\/uploads\/R27-Goldblond-350x350-1.webp\" \/>\n\t<meta property=\"og:image:width\" content=\"350\" \/>\n\t<meta property=\"og:image:height\" content=\"350\" \/>\n\t<meta property=\"og:image:type\" content=\"image\/webp\" \/>\n<meta name=\"twitter:card\" content=\"summary_large_image\" \/>\n<script type=\"application\/ld+json\" class=\"yoast-schema-graph\">{\"@context\":\"https:\\\/\\\/schema.org\",\"@graph\":[{\"@type\":\"WebPage\",\"@id\":\"https:\\\/\\\/www.augsburgerknopffabrik.de\\\/en\\\/product\\\/set-of-coat-and-fur-closures-4\\\/\",\"url\":\"https:\\\/\\\/www.augsburgerknopffabrik.de\\\/en\\\/product\\\/set-of-coat-and-fur-closures-4\\\/\",\"name\":\"Set of coat and fur closures - Augsburger Knopffabrik\",\"isPartOf\":{\"@id\":\"https:\\\/\\\/www.augsburgerknopffabrik.de\\\/#website\"},\"primaryImageOfPage\":{\"@id\":\"https:\\\/\\\/www.augsburgerknopffabrik.de\\\/en\\\/product\\\/set-of-coat-and-fur-closures-4\\\/#primaryimage\"},\"image\":{\"@id\":\"https:\\\/\\\/www.augsburgerknopffabrik.de\\\/en\\\/product\\\/set-of-coat-and-fur-closures-4\\\/#primaryimage\"},\"thumbnailUrl\":\"https:\\\/\\\/www.augsburgerknopffabrik.de\\\/wp-content\\\/uploads\\\/R27-Goldblond-350x350-1.webp\",\"datePublished\":\"2022-11-11T11:21:50+00:00\",\"dateModified\":\"2026-04-16T08:46:22+00:00\",\"breadcrumb\":{\"@id\":\"https:\\\/\\\/www.augsburgerknopffabrik.de\\\/en\\\/product\\\/set-of-coat-and-fur-closures-4\\\/#breadcrumb\"},\"inLanguage\":\"en-US\",\"potentialAction\":[{\"@type\":\"ReadAction\",\"target\":[\"https:\\\/\\\/www.augsburgerknopffabrik.de\\\/en\\\/product\\\/set-of-coat-and-fur-closures-4\\\/\"]}]},{\"@type\":\"ImageObject\",\"inLanguage\":\"en-US\",\"@id\":\"https:\\\/\\\/www.augsburgerknopffabrik.de\\\/en\\\/product\\\/set-of-coat-and-fur-closures-4\\\/#primaryimage\",\"url\":\"https:\\\/\\\/www.augsburgerknopffabrik.de\\\/wp-content\\\/uploads\\\/R27-Goldblond-350x350-1.webp\",\"contentUrl\":\"https:\\\/\\\/www.augsburgerknopffabrik.de\\\/wp-content\\\/uploads\\\/R27-Goldblond-350x350-1.webp\",\"width\":350,\"height\":350},{\"@type\":\"BreadcrumbList\",\"@id\":\"https:\\\/\\\/www.augsburgerknopffabrik.de\\\/en\\\/product\\\/set-of-coat-and-fur-closures-4\\\/#breadcrumb\",\"itemListElement\":[{\"@type\":\"ListItem\",\"position\":1,\"name\":\"Startseite\",\"item\":\"https:\\\/\\\/www.augsburgerknopffabrik.de\\\/en\\\/\"},{\"@type\":\"ListItem\",\"position\":2,\"name\":\"Shop\",\"item\":\"https:\\\/\\\/www.augsburgerknopffabrik.de\\\/en\\\/shop\\\/\"},{\"@type\":\"ListItem\",\"position\":3,\"name\":\"Set of coat and fur closures\"}]},{\"@type\":\"WebSite\",\"@id\":\"https:\\\/\\\/www.augsburgerknopffabrik.de\\\/#website\",\"url\":\"https:\\\/\\\/www.augsburgerknopffabrik.de\\\/\",\"name\":\"Augsburger Knopffabrik\",\"description\":\"Knopfhersteller Kn\u00f6pfe B\u00fcffelhornkn\u00f6pfe\",\"potentialAction\":[{\"@type\":\"SearchAction\",\"target\":{\"@type\":\"EntryPoint\",\"urlTemplate\":\"https:\\\/\\\/www.augsburgerknopffabrik.de\\\/?s={search_term_string}\"},\"query-input\":{\"@type\":\"PropertyValueSpecification\",\"valueRequired\":true,\"valueName\":\"search_term_string\"}}],\"inLanguage\":\"en-US\"}]}<\/script>\n<!-- \/ Yoast SEO plugin. -->","yoast_head_json":{"title":"Set of coat and fur closures - Augsburger Knopffabrik","robots":{"index":"index","follow":"follow","max-snippet":"max-snippet:-1","max-image-preview":"max-image-preview:large","max-video-preview":"max-video-preview:-1"},"canonical":"https:\/\/www.augsburgerknopffabrik.de\/en\/product\/set-of-coat-and-fur-closures-4\/","og_locale":"en_US","og_type":"article","og_title":"Set of coat and fur closures - Augsburger Knopffabrik","og_url":"https:\/\/www.augsburgerknopffabrik.de\/en\/product\/set-of-coat-and-fur-closures-4\/","og_site_name":"Augsburger Knopffabrik","article_modified_time":"2026-04-16T08:46:22+00:00","og_image":[{"width":350,"height":350,"url":"https:\/\/www.augsburgerknopffabrik.de\/wp-content\/uploads\/R27-Goldblond-350x350-1.webp","type":"image\/webp"}],"twitter_card":"summary_large_image","schema":{"@context":"https:\/\/schema.org","@graph":[{"@type":"WebPage","@id":"https:\/\/www.augsburgerknopffabrik.de\/en\/product\/set-of-coat-and-fur-closures-4\/","url":"https:\/\/www.augsburgerknopffabrik.de\/en\/product\/set-of-coat-and-fur-closures-4\/","name":"Set of coat and fur closures - Augsburger Knopffabrik","isPartOf":{"@id":"https:\/\/www.augsburgerknopffabrik.de\/#website"},"primaryImageOfPage":{"@id":"https:\/\/www.augsburgerknopffabrik.de\/en\/product\/set-of-coat-and-fur-closures-4\/#primaryimage"},"image":{"@id":"https:\/\/www.augsburgerknopffabrik.de\/en\/product\/set-of-coat-and-fur-closures-4\/#primaryimage"},"thumbnailUrl":"https:\/\/www.augsburgerknopffabrik.de\/wp-content\/uploads\/R27-Goldblond-350x350-1.webp","datePublished":"2022-11-11T11:21:50+00:00","dateModified":"2026-04-16T08:46:22+00:00","breadcrumb":{"@id":"https:\/\/www.augsburgerknopffabrik.de\/en\/product\/set-of-coat-and-fur-closures-4\/#breadcrumb"},"inLanguage":"en-US","potentialAction":[{"@type":"ReadAction","target":["https:\/\/www.augsburgerknopffabrik.de\/en\/product\/set-of-coat-and-fur-closures-4\/"]}]},{"@type":"ImageObject","inLanguage":"en-US","@id":"https:\/\/www.augsburgerknopffabrik.de\/en\/product\/set-of-coat-and-fur-closures-4\/#primaryimage","url":"https:\/\/www.augsburgerknopffabrik.de\/wp-content\/uploads\/R27-Goldblond-350x350-1.webp","contentUrl":"https:\/\/www.augsburgerknopffabrik.de\/wp-content\/uploads\/R27-Goldblond-350x350-1.webp","width":350,"height":350},{"@type":"BreadcrumbList","@id":"https:\/\/www.augsburgerknopffabrik.de\/en\/product\/set-of-coat-and-fur-closures-4\/#breadcrumb","itemListElement":[{"@type":"ListItem","position":1,"name":"Startseite","item":"https:\/\/www.augsburgerknopffabrik.de\/en\/"},{"@type":"ListItem","position":2,"name":"Shop","item":"https:\/\/www.augsburgerknopffabrik.de\/en\/shop\/"},{"@type":"ListItem","position":3,"name":"Set of coat and fur closures"}]},{"@type":"WebSite","@id":"https:\/\/www.augsburgerknopffabrik.de\/#website","url":"https:\/\/www.augsburgerknopffabrik.de\/","name":"Augsburger Knopffabrik","description":"Knopfhersteller Kn\u00f6pfe B\u00fcffelhornkn\u00f6pfe","potentialAction":[{"@type":"SearchAction","target":{"@type":"EntryPoint","urlTemplate":"https:\/\/www.augsburgerknopffabrik.de\/?s={search_term_string}"},"query-input":{"@type":"PropertyValueSpecification","valueRequired":true,"valueName":"search_term_string"}}],"inLanguage":"en-US"}]}},"_links":{"self":[{"href":"https:\/\/www.augsburgerknopffabrik.de\/en\/wp-json\/wp\/v2\/product\/20638","targetHints":{"allow":["GET"]}}],"collection":[{"href":"https:\/\/www.augsburgerknopffabrik.de\/en\/wp-json\/wp\/v2\/product"}],"about":[{"href":"https:\/\/www.augsburgerknopffabrik.de\/en\/wp-json\/wp\/v2\/types\/product"}],"wp:featuredmedia":[{"embeddable":true,"href":"https:\/\/www.augsburgerknopffabrik.de\/en\/wp-json\/wp\/v2\/media\/28890"}],"wp:attachment":[{"href":"https:\/\/www.augsburgerknopffabrik.de\/en\/wp-json\/wp\/v2\/media?parent=20638"}],"wp:term":[{"taxonomy":"product_brand","embeddable":true,"href":"https:\/\/www.augsburgerknopffabrik.de\/en\/wp-json\/wp\/v2\/product_brand?post=20638"},{"taxonomy":"product_cat","embeddable":true,"href":"https:\/\/www.augsburgerknopffabrik.de\/en\/wp-json\/wp\/v2\/product_cat?post=20638"},{"taxonomy":"product_tag","embeddable":true,"href":"https:\/\/www.augsburgerknopffabrik.de\/en\/wp-json\/wp\/v2\/product_tag?post=20638"}],"curies":[{"name":"wp","href":"https:\/\/api.w.org\/{rel}","templated":true}]}}