{"id":28552,"date":"2026-02-13T17:26:30","date_gmt":"2026-02-13T16:26:30","guid":{"rendered":"https:\/\/www.augsburgerknopffabrik.de\/product\/coat-jacketbutton-real-buffalo-horn-3\/"},"modified":"2026-03-25T09:41:15","modified_gmt":"2026-03-25T08:41:15","slug":"coat-jacketbutton-real-buffalo-horn-3","status":"publish","type":"product","link":"https:\/\/www.augsburgerknopffabrik.de\/en\/product\/coat-jacketbutton-real-buffalo-horn-3\/","title":{"rendered":"coat\/jacketbutton real buffalo horn"},"content":{"rendered":"","protected":false},"excerpt":{"rendered":"","protected":false},"featured_media":28531,"template":"","meta":[],"product_brand":[],"product_cat":[80,81],"product_tag":[],"class_list":{"0":"post-28552","1":"product","2":"type-product","3":"status-publish","4":"has-post-thumbnail","6":"product_cat-coat-and-jacket-buttons","7":"product_cat-real-buffalo-horn-coat-buttons","9":"first","10":"instock","11":"taxable","12":"shipping-taxable","13":"purchasable","14":"product-type-variable"},"yoast_head":"<!-- This site is optimized with the Yoast SEO plugin v27.4 - https:\/\/yoast.com\/product\/yoast-seo-wordpress\/ -->\n<title>coat\/jacketbutton real buffalo horn - Augsburger Knopffabrik<\/title>\n<meta name=\"robots\" content=\"index, follow, max-snippet:-1, max-image-preview:large, max-video-preview:-1\" \/>\n<link rel=\"canonical\" href=\"https:\/\/www.augsburgerknopffabrik.de\/en\/product\/coat-jacketbutton-real-buffalo-horn-3\/\" \/>\n<meta property=\"og:locale\" content=\"en_US\" \/>\n<meta property=\"og:type\" content=\"article\" \/>\n<meta property=\"og:title\" content=\"coat\/jacketbutton real buffalo horn - Augsburger Knopffabrik\" \/>\n<meta property=\"og:url\" content=\"https:\/\/www.augsburgerknopffabrik.de\/en\/product\/coat-jacketbutton-real-buffalo-horn-3\/\" \/>\n<meta property=\"og:site_name\" content=\"Augsburger Knopffabrik\" \/>\n<meta property=\"article:modified_time\" content=\"2026-03-25T08:41:15+00:00\" \/>\n<meta property=\"og:image\" content=\"https:\/\/www.augsburgerknopffabrik.de\/wp-content\/uploads\/20260210_175756.webp\" \/>\n\t<meta property=\"og:image:width\" content=\"1200\" \/>\n\t<meta property=\"og:image:height\" content=\"1200\" \/>\n\t<meta property=\"og:image:type\" content=\"image\/webp\" \/>\n<meta name=\"twitter:card\" content=\"summary_large_image\" \/>\n<meta name=\"twitter:label1\" content=\"Est. reading time\" \/>\n\t<meta name=\"twitter:data1\" content=\"1 minute\" \/>\n<script type=\"application\/ld+json\" class=\"yoast-schema-graph\">{\"@context\":\"https:\\\/\\\/schema.org\",\"@graph\":[{\"@type\":\"WebPage\",\"@id\":\"https:\\\/\\\/www.augsburgerknopffabrik.de\\\/en\\\/product\\\/coat-jacketbutton-real-buffalo-horn-3\\\/\",\"url\":\"https:\\\/\\\/www.augsburgerknopffabrik.de\\\/en\\\/product\\\/coat-jacketbutton-real-buffalo-horn-3\\\/\",\"name\":\"coat\\\/jacketbutton real buffalo horn - Augsburger Knopffabrik\",\"isPartOf\":{\"@id\":\"https:\\\/\\\/www.augsburgerknopffabrik.de\\\/#website\"},\"primaryImageOfPage\":{\"@id\":\"https:\\\/\\\/www.augsburgerknopffabrik.de\\\/en\\\/product\\\/coat-jacketbutton-real-buffalo-horn-3\\\/#primaryimage\"},\"image\":{\"@id\":\"https:\\\/\\\/www.augsburgerknopffabrik.de\\\/en\\\/product\\\/coat-jacketbutton-real-buffalo-horn-3\\\/#primaryimage\"},\"thumbnailUrl\":\"https:\\\/\\\/www.augsburgerknopffabrik.de\\\/wp-content\\\/uploads\\\/20260210_175756.webp\",\"datePublished\":\"2026-02-13T16:26:30+00:00\",\"dateModified\":\"2026-03-25T08:41:15+00:00\",\"breadcrumb\":{\"@id\":\"https:\\\/\\\/www.augsburgerknopffabrik.de\\\/en\\\/product\\\/coat-jacketbutton-real-buffalo-horn-3\\\/#breadcrumb\"},\"inLanguage\":\"en-US\",\"potentialAction\":[{\"@type\":\"ReadAction\",\"target\":[\"https:\\\/\\\/www.augsburgerknopffabrik.de\\\/en\\\/product\\\/coat-jacketbutton-real-buffalo-horn-3\\\/\"]}]},{\"@type\":\"ImageObject\",\"inLanguage\":\"en-US\",\"@id\":\"https:\\\/\\\/www.augsburgerknopffabrik.de\\\/en\\\/product\\\/coat-jacketbutton-real-buffalo-horn-3\\\/#primaryimage\",\"url\":\"https:\\\/\\\/www.augsburgerknopffabrik.de\\\/wp-content\\\/uploads\\\/20260210_175756.webp\",\"contentUrl\":\"https:\\\/\\\/www.augsburgerknopffabrik.de\\\/wp-content\\\/uploads\\\/20260210_175756.webp\",\"width\":1200,\"height\":1200},{\"@type\":\"BreadcrumbList\",\"@id\":\"https:\\\/\\\/www.augsburgerknopffabrik.de\\\/en\\\/product\\\/coat-jacketbutton-real-buffalo-horn-3\\\/#breadcrumb\",\"itemListElement\":[{\"@type\":\"ListItem\",\"position\":1,\"name\":\"Startseite\",\"item\":\"https:\\\/\\\/www.augsburgerknopffabrik.de\\\/en\\\/\"},{\"@type\":\"ListItem\",\"position\":2,\"name\":\"Shop\",\"item\":\"https:\\\/\\\/www.augsburgerknopffabrik.de\\\/en\\\/shop\\\/\"},{\"@type\":\"ListItem\",\"position\":3,\"name\":\"coat\\\/jacketbutton real buffalo horn\"}]},{\"@type\":\"WebSite\",\"@id\":\"https:\\\/\\\/www.augsburgerknopffabrik.de\\\/#website\",\"url\":\"https:\\\/\\\/www.augsburgerknopffabrik.de\\\/\",\"name\":\"Augsburger Knopffabrik\",\"description\":\"Knopfhersteller Kn\u00f6pfe B\u00fcffelhornkn\u00f6pfe\",\"potentialAction\":[{\"@type\":\"SearchAction\",\"target\":{\"@type\":\"EntryPoint\",\"urlTemplate\":\"https:\\\/\\\/www.augsburgerknopffabrik.de\\\/?s={search_term_string}\"},\"query-input\":{\"@type\":\"PropertyValueSpecification\",\"valueRequired\":true,\"valueName\":\"search_term_string\"}}],\"inLanguage\":\"en-US\"}]}<\/script>\n<!-- \/ Yoast SEO plugin. -->","yoast_head_json":{"title":"coat\/jacketbutton real buffalo horn - Augsburger Knopffabrik","robots":{"index":"index","follow":"follow","max-snippet":"max-snippet:-1","max-image-preview":"max-image-preview:large","max-video-preview":"max-video-preview:-1"},"canonical":"https:\/\/www.augsburgerknopffabrik.de\/en\/product\/coat-jacketbutton-real-buffalo-horn-3\/","og_locale":"en_US","og_type":"article","og_title":"coat\/jacketbutton real buffalo horn - Augsburger Knopffabrik","og_url":"https:\/\/www.augsburgerknopffabrik.de\/en\/product\/coat-jacketbutton-real-buffalo-horn-3\/","og_site_name":"Augsburger Knopffabrik","article_modified_time":"2026-03-25T08:41:15+00:00","og_image":[{"width":1200,"height":1200,"url":"https:\/\/www.augsburgerknopffabrik.de\/wp-content\/uploads\/20260210_175756.webp","type":"image\/webp"}],"twitter_card":"summary_large_image","twitter_misc":{"Est. reading time":"1 minute"},"schema":{"@context":"https:\/\/schema.org","@graph":[{"@type":"WebPage","@id":"https:\/\/www.augsburgerknopffabrik.de\/en\/product\/coat-jacketbutton-real-buffalo-horn-3\/","url":"https:\/\/www.augsburgerknopffabrik.de\/en\/product\/coat-jacketbutton-real-buffalo-horn-3\/","name":"coat\/jacketbutton real buffalo horn - Augsburger Knopffabrik","isPartOf":{"@id":"https:\/\/www.augsburgerknopffabrik.de\/#website"},"primaryImageOfPage":{"@id":"https:\/\/www.augsburgerknopffabrik.de\/en\/product\/coat-jacketbutton-real-buffalo-horn-3\/#primaryimage"},"image":{"@id":"https:\/\/www.augsburgerknopffabrik.de\/en\/product\/coat-jacketbutton-real-buffalo-horn-3\/#primaryimage"},"thumbnailUrl":"https:\/\/www.augsburgerknopffabrik.de\/wp-content\/uploads\/20260210_175756.webp","datePublished":"2026-02-13T16:26:30+00:00","dateModified":"2026-03-25T08:41:15+00:00","breadcrumb":{"@id":"https:\/\/www.augsburgerknopffabrik.de\/en\/product\/coat-jacketbutton-real-buffalo-horn-3\/#breadcrumb"},"inLanguage":"en-US","potentialAction":[{"@type":"ReadAction","target":["https:\/\/www.augsburgerknopffabrik.de\/en\/product\/coat-jacketbutton-real-buffalo-horn-3\/"]}]},{"@type":"ImageObject","inLanguage":"en-US","@id":"https:\/\/www.augsburgerknopffabrik.de\/en\/product\/coat-jacketbutton-real-buffalo-horn-3\/#primaryimage","url":"https:\/\/www.augsburgerknopffabrik.de\/wp-content\/uploads\/20260210_175756.webp","contentUrl":"https:\/\/www.augsburgerknopffabrik.de\/wp-content\/uploads\/20260210_175756.webp","width":1200,"height":1200},{"@type":"BreadcrumbList","@id":"https:\/\/www.augsburgerknopffabrik.de\/en\/product\/coat-jacketbutton-real-buffalo-horn-3\/#breadcrumb","itemListElement":[{"@type":"ListItem","position":1,"name":"Startseite","item":"https:\/\/www.augsburgerknopffabrik.de\/en\/"},{"@type":"ListItem","position":2,"name":"Shop","item":"https:\/\/www.augsburgerknopffabrik.de\/en\/shop\/"},{"@type":"ListItem","position":3,"name":"coat\/jacketbutton real buffalo horn"}]},{"@type":"WebSite","@id":"https:\/\/www.augsburgerknopffabrik.de\/#website","url":"https:\/\/www.augsburgerknopffabrik.de\/","name":"Augsburger Knopffabrik","description":"Knopfhersteller Kn\u00f6pfe B\u00fcffelhornkn\u00f6pfe","potentialAction":[{"@type":"SearchAction","target":{"@type":"EntryPoint","urlTemplate":"https:\/\/www.augsburgerknopffabrik.de\/?s={search_term_string}"},"query-input":{"@type":"PropertyValueSpecification","valueRequired":true,"valueName":"search_term_string"}}],"inLanguage":"en-US"}]}},"_links":{"self":[{"href":"https:\/\/www.augsburgerknopffabrik.de\/en\/wp-json\/wp\/v2\/product\/28552","targetHints":{"allow":["GET"]}}],"collection":[{"href":"https:\/\/www.augsburgerknopffabrik.de\/en\/wp-json\/wp\/v2\/product"}],"about":[{"href":"https:\/\/www.augsburgerknopffabrik.de\/en\/wp-json\/wp\/v2\/types\/product"}],"wp:featuredmedia":[{"embeddable":true,"href":"https:\/\/www.augsburgerknopffabrik.de\/en\/wp-json\/wp\/v2\/media\/28531"}],"wp:attachment":[{"href":"https:\/\/www.augsburgerknopffabrik.de\/en\/wp-json\/wp\/v2\/media?parent=28552"}],"wp:term":[{"taxonomy":"product_brand","embeddable":true,"href":"https:\/\/www.augsburgerknopffabrik.de\/en\/wp-json\/wp\/v2\/product_brand?post=28552"},{"taxonomy":"product_cat","embeddable":true,"href":"https:\/\/www.augsburgerknopffabrik.de\/en\/wp-json\/wp\/v2\/product_cat?post=28552"},{"taxonomy":"product_tag","embeddable":true,"href":"https:\/\/www.augsburgerknopffabrik.de\/en\/wp-json\/wp\/v2\/product_tag?post=28552"}],"curies":[{"name":"wp","href":"https:\/\/api.w.org\/{rel}","templated":true}]}}