{"id":4784,"date":"2018-12-05T11:56:08","date_gmt":"2018-12-05T10:56:08","guid":{"rendered":"https:\/\/augsburgerknopffabrik.de\/product\/shirts-and-blouses-button-2\/"},"modified":"2026-02-22T18:31:55","modified_gmt":"2026-02-22T17:31:55","slug":"shirts-and-blouses-button-2","status":"publish","type":"product","link":"https:\/\/www.augsburgerknopffabrik.de\/en\/product\/shirts-and-blouses-button-2\/","title":{"rendered":"shirts and blouses button"},"content":{"rendered":"","protected":false},"excerpt":{"rendered":"<p><strong><span style=\"font-family: Arial, sans-serif;\">material:<\/span><\/strong> real buffalo horn<\/p>\n<p><strong>col:<\/strong> bernstein<\/p>\n","protected":false},"featured_media":3928,"template":"","meta":[],"product_brand":[],"product_cat":[117,72],"product_tag":[],"class_list":{"0":"post-4784","1":"product","2":"type-product","3":"status-publish","4":"has-post-thumbnail","6":"product_cat-shirt-buttons-blouses-buttons-real-buffalo-horn","7":"product_cat-shirt-and-blouses-buttons","9":"first","10":"instock","11":"taxable","12":"shipping-taxable","13":"purchasable","14":"product-type-variable"},"yoast_head":"<!-- This site is optimized with the Yoast SEO plugin v27.4 - https:\/\/yoast.com\/product\/yoast-seo-wordpress\/ -->\n<title>shirts and blouses button - Augsburger Knopffabrik<\/title>\n<meta name=\"robots\" content=\"index, follow, max-snippet:-1, max-image-preview:large, max-video-preview:-1\" \/>\n<link rel=\"canonical\" href=\"https:\/\/www.augsburgerknopffabrik.de\/en\/product\/shirts-and-blouses-button-2\/\" \/>\n<meta property=\"og:locale\" content=\"en_US\" \/>\n<meta property=\"og:type\" content=\"article\" \/>\n<meta property=\"og:title\" content=\"shirts and blouses button - Augsburger Knopffabrik\" \/>\n<meta property=\"og:description\" content=\"material: real buffalo horn  col: bernstein\" \/>\n<meta property=\"og:url\" content=\"https:\/\/www.augsburgerknopffabrik.de\/en\/product\/shirts-and-blouses-button-2\/\" \/>\n<meta property=\"og:site_name\" content=\"Augsburger Knopffabrik\" \/>\n<meta property=\"article:modified_time\" content=\"2026-02-22T17:31:55+00:00\" \/>\n<meta property=\"og:image\" content=\"https:\/\/www.augsburgerknopffabrik.de\/wp-content\/uploads\/69-bernstein-rotated.jpg\" \/>\n\t<meta property=\"og:image:width\" content=\"700\" \/>\n\t<meta property=\"og:image:height\" content=\"700\" \/>\n\t<meta property=\"og:image:type\" content=\"image\/jpeg\" \/>\n<meta name=\"twitter:card\" content=\"summary_large_image\" \/>\n<script type=\"application\/ld+json\" class=\"yoast-schema-graph\">{\"@context\":\"https:\\\/\\\/schema.org\",\"@graph\":[{\"@type\":\"WebPage\",\"@id\":\"https:\\\/\\\/www.augsburgerknopffabrik.de\\\/en\\\/product\\\/shirts-and-blouses-button-2\\\/\",\"url\":\"https:\\\/\\\/www.augsburgerknopffabrik.de\\\/en\\\/product\\\/shirts-and-blouses-button-2\\\/\",\"name\":\"shirts and blouses button - Augsburger Knopffabrik\",\"isPartOf\":{\"@id\":\"https:\\\/\\\/www.augsburgerknopffabrik.de\\\/#website\"},\"primaryImageOfPage\":{\"@id\":\"https:\\\/\\\/www.augsburgerknopffabrik.de\\\/en\\\/product\\\/shirts-and-blouses-button-2\\\/#primaryimage\"},\"image\":{\"@id\":\"https:\\\/\\\/www.augsburgerknopffabrik.de\\\/en\\\/product\\\/shirts-and-blouses-button-2\\\/#primaryimage\"},\"thumbnailUrl\":\"https:\\\/\\\/www.augsburgerknopffabrik.de\\\/wp-content\\\/uploads\\\/69-bernstein-rotated.webp\",\"datePublished\":\"2018-12-05T10:56:08+00:00\",\"dateModified\":\"2026-02-22T17:31:55+00:00\",\"breadcrumb\":{\"@id\":\"https:\\\/\\\/www.augsburgerknopffabrik.de\\\/en\\\/product\\\/shirts-and-blouses-button-2\\\/#breadcrumb\"},\"inLanguage\":\"en-US\",\"potentialAction\":[{\"@type\":\"ReadAction\",\"target\":[\"https:\\\/\\\/www.augsburgerknopffabrik.de\\\/en\\\/product\\\/shirts-and-blouses-button-2\\\/\"]}]},{\"@type\":\"ImageObject\",\"inLanguage\":\"en-US\",\"@id\":\"https:\\\/\\\/www.augsburgerknopffabrik.de\\\/en\\\/product\\\/shirts-and-blouses-button-2\\\/#primaryimage\",\"url\":\"https:\\\/\\\/www.augsburgerknopffabrik.de\\\/wp-content\\\/uploads\\\/69-bernstein-rotated.webp\",\"contentUrl\":\"https:\\\/\\\/www.augsburgerknopffabrik.de\\\/wp-content\\\/uploads\\\/69-bernstein-rotated.webp\",\"width\":700,\"height\":700},{\"@type\":\"BreadcrumbList\",\"@id\":\"https:\\\/\\\/www.augsburgerknopffabrik.de\\\/en\\\/product\\\/shirts-and-blouses-button-2\\\/#breadcrumb\",\"itemListElement\":[{\"@type\":\"ListItem\",\"position\":1,\"name\":\"Startseite\",\"item\":\"https:\\\/\\\/www.augsburgerknopffabrik.de\\\/en\\\/\"},{\"@type\":\"ListItem\",\"position\":2,\"name\":\"Shop\",\"item\":\"https:\\\/\\\/www.augsburgerknopffabrik.de\\\/en\\\/shop\\\/\"},{\"@type\":\"ListItem\",\"position\":3,\"name\":\"shirts and blouses button\"}]},{\"@type\":\"WebSite\",\"@id\":\"https:\\\/\\\/www.augsburgerknopffabrik.de\\\/#website\",\"url\":\"https:\\\/\\\/www.augsburgerknopffabrik.de\\\/\",\"name\":\"Augsburger Knopffabrik\",\"description\":\"Knopfhersteller Kn\u00f6pfe B\u00fcffelhornkn\u00f6pfe\",\"potentialAction\":[{\"@type\":\"SearchAction\",\"target\":{\"@type\":\"EntryPoint\",\"urlTemplate\":\"https:\\\/\\\/www.augsburgerknopffabrik.de\\\/?s={search_term_string}\"},\"query-input\":{\"@type\":\"PropertyValueSpecification\",\"valueRequired\":true,\"valueName\":\"search_term_string\"}}],\"inLanguage\":\"en-US\"}]}<\/script>\n<!-- \/ Yoast SEO plugin. -->","yoast_head_json":{"title":"shirts and blouses button - Augsburger Knopffabrik","robots":{"index":"index","follow":"follow","max-snippet":"max-snippet:-1","max-image-preview":"max-image-preview:large","max-video-preview":"max-video-preview:-1"},"canonical":"https:\/\/www.augsburgerknopffabrik.de\/en\/product\/shirts-and-blouses-button-2\/","og_locale":"en_US","og_type":"article","og_title":"shirts and blouses button - Augsburger Knopffabrik","og_description":"material: real buffalo horn  col: bernstein","og_url":"https:\/\/www.augsburgerknopffabrik.de\/en\/product\/shirts-and-blouses-button-2\/","og_site_name":"Augsburger Knopffabrik","article_modified_time":"2026-02-22T17:31:55+00:00","og_image":[{"width":700,"height":700,"url":"https:\/\/www.augsburgerknopffabrik.de\/wp-content\/uploads\/69-bernstein-rotated.jpg","type":"image\/jpeg"}],"twitter_card":"summary_large_image","schema":{"@context":"https:\/\/schema.org","@graph":[{"@type":"WebPage","@id":"https:\/\/www.augsburgerknopffabrik.de\/en\/product\/shirts-and-blouses-button-2\/","url":"https:\/\/www.augsburgerknopffabrik.de\/en\/product\/shirts-and-blouses-button-2\/","name":"shirts and blouses button - Augsburger Knopffabrik","isPartOf":{"@id":"https:\/\/www.augsburgerknopffabrik.de\/#website"},"primaryImageOfPage":{"@id":"https:\/\/www.augsburgerknopffabrik.de\/en\/product\/shirts-and-blouses-button-2\/#primaryimage"},"image":{"@id":"https:\/\/www.augsburgerknopffabrik.de\/en\/product\/shirts-and-blouses-button-2\/#primaryimage"},"thumbnailUrl":"https:\/\/www.augsburgerknopffabrik.de\/wp-content\/uploads\/69-bernstein-rotated.webp","datePublished":"2018-12-05T10:56:08+00:00","dateModified":"2026-02-22T17:31:55+00:00","breadcrumb":{"@id":"https:\/\/www.augsburgerknopffabrik.de\/en\/product\/shirts-and-blouses-button-2\/#breadcrumb"},"inLanguage":"en-US","potentialAction":[{"@type":"ReadAction","target":["https:\/\/www.augsburgerknopffabrik.de\/en\/product\/shirts-and-blouses-button-2\/"]}]},{"@type":"ImageObject","inLanguage":"en-US","@id":"https:\/\/www.augsburgerknopffabrik.de\/en\/product\/shirts-and-blouses-button-2\/#primaryimage","url":"https:\/\/www.augsburgerknopffabrik.de\/wp-content\/uploads\/69-bernstein-rotated.webp","contentUrl":"https:\/\/www.augsburgerknopffabrik.de\/wp-content\/uploads\/69-bernstein-rotated.webp","width":700,"height":700},{"@type":"BreadcrumbList","@id":"https:\/\/www.augsburgerknopffabrik.de\/en\/product\/shirts-and-blouses-button-2\/#breadcrumb","itemListElement":[{"@type":"ListItem","position":1,"name":"Startseite","item":"https:\/\/www.augsburgerknopffabrik.de\/en\/"},{"@type":"ListItem","position":2,"name":"Shop","item":"https:\/\/www.augsburgerknopffabrik.de\/en\/shop\/"},{"@type":"ListItem","position":3,"name":"shirts and blouses button"}]},{"@type":"WebSite","@id":"https:\/\/www.augsburgerknopffabrik.de\/#website","url":"https:\/\/www.augsburgerknopffabrik.de\/","name":"Augsburger Knopffabrik","description":"Knopfhersteller Kn\u00f6pfe B\u00fcffelhornkn\u00f6pfe","potentialAction":[{"@type":"SearchAction","target":{"@type":"EntryPoint","urlTemplate":"https:\/\/www.augsburgerknopffabrik.de\/?s={search_term_string}"},"query-input":{"@type":"PropertyValueSpecification","valueRequired":true,"valueName":"search_term_string"}}],"inLanguage":"en-US"}]}},"_links":{"self":[{"href":"https:\/\/www.augsburgerknopffabrik.de\/en\/wp-json\/wp\/v2\/product\/4784","targetHints":{"allow":["GET"]}}],"collection":[{"href":"https:\/\/www.augsburgerknopffabrik.de\/en\/wp-json\/wp\/v2\/product"}],"about":[{"href":"https:\/\/www.augsburgerknopffabrik.de\/en\/wp-json\/wp\/v2\/types\/product"}],"wp:featuredmedia":[{"embeddable":true,"href":"https:\/\/www.augsburgerknopffabrik.de\/en\/wp-json\/wp\/v2\/media\/3928"}],"wp:attachment":[{"href":"https:\/\/www.augsburgerknopffabrik.de\/en\/wp-json\/wp\/v2\/media?parent=4784"}],"wp:term":[{"taxonomy":"product_brand","embeddable":true,"href":"https:\/\/www.augsburgerknopffabrik.de\/en\/wp-json\/wp\/v2\/product_brand?post=4784"},{"taxonomy":"product_cat","embeddable":true,"href":"https:\/\/www.augsburgerknopffabrik.de\/en\/wp-json\/wp\/v2\/product_cat?post=4784"},{"taxonomy":"product_tag","embeddable":true,"href":"https:\/\/www.augsburgerknopffabrik.de\/en\/wp-json\/wp\/v2\/product_tag?post=4784"}],"curies":[{"name":"wp","href":"https:\/\/api.w.org\/{rel}","templated":true}]}}