{"id":13447,"date":"2021-03-11T15:52:48","date_gmt":"2021-03-11T14:52:48","guid":{"rendered":"https:\/\/augsburgerknopffabrik.de\/?page_id=13447"},"modified":"2026-03-01T11:08:52","modified_gmt":"2026-03-01T10:08:52","slug":"home","status":"publish","type":"page","link":"https:\/\/www.augsburgerknopffabrik.de\/es\/","title":{"rendered":"Home"},"content":{"rendered":"<div class=\"fusion-fullwidth fullwidth-box fusion-builder-row-1 fusion-flex-container nonhundred-percent-fullwidth non-hundred-percent-height-scrolling\" style=\"--awb-border-radius-top-left:0px;--awb-border-radius-top-right:0px;--awb-border-radius-bottom-right:0px;--awb-border-radius-bottom-left:0px;--awb-flex-wrap:wrap;\" ><div class=\"fusion-builder-row fusion-row fusion-flex-align-items-flex-start fusion-flex-content-wrap\" style=\"max-width:1144px;margin-left: calc(-4% \/ 2 );margin-right: calc(-4% \/ 2 );\"><div class=\"fusion-layout-column fusion_builder_column fusion-builder-column-0 fusion_builder_column_1_1 1_1 fusion-flex-column\" style=\"--awb-bg-size:cover;--awb-width-large:100%;--awb-margin-top-large:0px;--awb-spacing-right-large:1.92%;--awb-margin-bottom-large:0px;--awb-spacing-left-large:1.92%;--awb-width-medium:100%;--awb-spacing-right-medium:1.92%;--awb-spacing-left-medium:1.92%;--awb-width-small:100%;--awb-spacing-right-small:1.92%;--awb-spacing-left-small:1.92%;\"><div class=\"fusion-column-wrapper fusion-flex-justify-content-flex-start fusion-content-layout-column\"><div class=\"fusion-text fusion-text-1\"><h1>F\u00e1brica de botones Augsburger Knopffabrik<\/h1>\n<p>La f\u00e1brica de botones de Augsburgo es una empresa de gran tradici\u00f3n. Existe desde 1894 y es de propiedad familiar.<\/p>\n<p>Somos fabricantes de botones y accesorios de moda. Nuestra producci\u00f3n est\u00e1 en Augsburgo (Bavaria, Alemania).<br \/>\nTodos los procesos de fabricaci\u00f3n desde el bot\u00f3n en blanco hasta el resultado final se llevan a cabo en nuestras instalaciones.<\/p>\n<p>Adem\u00e1s de una producci\u00f3n sostenible y sin largas cadenas de suministro, esto nos permite realizar entregas de forma r\u00e1pida, flexible y orientada al precio.<\/p>\n<p>Debido a muchos a\u00f1os de experiencia y conocimiento en la producci\u00f3n de accesorios de moda y el desarrollo de colores especiales, somos el proveedor l\u00edder de fabricantes de ropa de primera calidad en todo el mundo.<\/p>\n<p>Nuestras tres l\u00edneas de producto Classic, Casual y Country combinan una artesan\u00eda bien fundada y con un refinado sentido de innovaci\u00f3n.<\/p>\n<p>Ponemos especial cuidado en la producci\u00f3n de botones de aut\u00e9ntico cuerno de b\u00fafalo.<\/p>\n<\/div><div class=\"fusion-builder-row fusion-builder-row-inner fusion-row fusion-flex-align-items-flex-start fusion-flex-content-wrap\" style=\"--awb-flex-grow:0;--awb-flex-grow-medium:0;--awb-flex-grow-small:0;--awb-flex-shrink:0;--awb-flex-shrink-medium:0;--awb-flex-shrink-small:0;width:104% !important;max-width:104% !important;margin-left: calc(-4% \/ 2 );margin-right: calc(-4% \/ 2 );\"><div class=\"fusion-layout-column fusion_builder_column_inner fusion-builder-nested-column-0 fusion_builder_column_inner_1_2 1_2 fusion-flex-column\" style=\"--awb-bg-size:cover;--awb-width-large:50%;--awb-margin-top-large:0px;--awb-spacing-right-large:3.84%;--awb-margin-bottom-large:20px;--awb-spacing-left-large:3.84%;--awb-width-medium:100%;--awb-spacing-right-medium:1.92%;--awb-spacing-left-medium:1.92%;--awb-width-small:100%;--awb-spacing-right-small:1.92%;--awb-spacing-left-small:1.92%;\"><div class=\"fusion-column-wrapper fusion-flex-justify-content-flex-start fusion-content-layout-column\"><div class=\"fusion-image-element \" style=\"--awb-caption-title-font-family:var(--h2_typography-font-family);--awb-caption-title-font-weight:var(--h2_typography-font-weight);--awb-caption-title-font-style:var(--h2_typography-font-style);--awb-caption-title-size:var(--h2_typography-font-size);--awb-caption-title-transform:var(--h2_typography-text-transform);--awb-caption-title-line-height:var(--h2_typography-line-height);--awb-caption-title-letter-spacing:var(--h2_typography-letter-spacing);\"><span class=\" fusion-imageframe imageframe-none imageframe-1 hover-type-none\"><img decoding=\"async\" width=\"1100\" height=\"825\" alt=\"Knopfproduktion Augsburger Knopffabrik\" title=\"Knopfproduktion\" src=\"data:image\/svg+xml,%3Csvg%20xmlns%3D%27http%3A%2F%2Fwww.w3.org%2F2000%2Fsvg%27%20width%3D%271100%27%20height%3D%27825%27%20viewBox%3D%270%200%201100%20825%27%3E%3Crect%20width%3D%271100%27%20height%3D%27825%27%20fill-opacity%3D%220%22%2F%3E%3C%2Fsvg%3E\" data-orig-src=\"https:\/\/www.augsburgerknopffabrik.de\/wp-content\/uploads\/Knopfproduktion-1100x825.webp\" class=\"lazyload img-responsive wp-image-12107\"\/><\/span><\/div><\/div><\/div><div class=\"fusion-layout-column fusion_builder_column_inner fusion-builder-nested-column-1 fusion_builder_column_inner_1_2 1_2 fusion-flex-column\" style=\"--awb-bg-size:cover;--awb-width-large:50%;--awb-margin-top-large:0px;--awb-spacing-right-large:3.84%;--awb-margin-bottom-large:20px;--awb-spacing-left-large:3.84%;--awb-width-medium:100%;--awb-spacing-right-medium:1.92%;--awb-spacing-left-medium:1.92%;--awb-width-small:100%;--awb-spacing-right-small:1.92%;--awb-spacing-left-small:1.92%;\"><div class=\"fusion-column-wrapper fusion-flex-justify-content-flex-start fusion-content-layout-column\"><div class=\"fusion-image-element \" style=\"--awb-caption-title-font-family:var(--h2_typography-font-family);--awb-caption-title-font-weight:var(--h2_typography-font-weight);--awb-caption-title-font-style:var(--h2_typography-font-style);--awb-caption-title-size:var(--h2_typography-font-size);--awb-caption-title-transform:var(--h2_typography-text-transform);--awb-caption-title-line-height:var(--h2_typography-line-height);--awb-caption-title-letter-spacing:var(--h2_typography-letter-spacing);\"><span class=\" fusion-imageframe imageframe-none imageframe-2 hover-type-none\"><img decoding=\"async\" width=\"800\" height=\"600\" title=\"Knopflager\" src=\"data:image\/svg+xml,%3Csvg%20xmlns%3D%27http%3A%2F%2Fwww.w3.org%2F2000%2Fsvg%27%20width%3D%27800%27%20height%3D%27600%27%20viewBox%3D%270%200%20800%20600%27%3E%3Crect%20width%3D%27800%27%20height%3D%27600%27%20fill-opacity%3D%220%22%2F%3E%3C%2Fsvg%3E\" data-orig-src=\"https:\/\/www.augsburgerknopffabrik.de\/wp-content\/uploads\/Knopflager-800x600k.webp\" alt class=\"lazyload img-responsive wp-image-12105\"\/><\/span><\/div><\/div><\/div><\/div><\/div><\/div><\/div><\/div>\n","protected":false},"excerpt":{"rendered":"","protected":false},"author":1,"featured_media":0,"parent":0,"menu_order":0,"comment_status":"closed","ping_status":"closed","template":"","meta":{"footnotes":""},"class_list":["post-13447","page","type-page","status-publish","hentry"],"yoast_head":"<!-- This site is optimized with the Yoast SEO plugin v27.4 - https:\/\/yoast.com\/product\/yoast-seo-wordpress\/ -->\n<title>La F\u00e1brica de botones Augsburger Knopffabrik Alemania<\/title>\n<meta name=\"description\" content=\"La F\u00e1brica de botones Augsburger Knopffabrik Alemania\" \/>\n<meta name=\"robots\" content=\"index, follow, max-snippet:-1, max-image-preview:large, max-video-preview:-1\" \/>\n<link rel=\"canonical\" href=\"https:\/\/www.augsburgerknopffabrik.de\/es\/\" \/>\n<meta property=\"og:locale\" content=\"es_ES\" \/>\n<meta property=\"og:type\" content=\"article\" \/>\n<meta property=\"og:title\" content=\"La F\u00e1brica de botones Augsburger Knopffabrik Alemania\" \/>\n<meta property=\"og:description\" content=\"La F\u00e1brica de botones Augsburger Knopffabrik Alemania\" \/>\n<meta property=\"og:url\" content=\"https:\/\/www.augsburgerknopffabrik.de\/es\/\" \/>\n<meta property=\"og:site_name\" content=\"Augsburger Knopffabrik\" \/>\n<meta property=\"article:modified_time\" content=\"2026-03-01T10:08:52+00:00\" \/>\n<meta name=\"twitter:card\" content=\"summary_large_image\" \/>\n<meta name=\"twitter:label1\" content=\"Tiempo de lectura\" \/>\n\t<meta name=\"twitter:data1\" content=\"2 minutos\" \/>\n<script type=\"application\/ld+json\" class=\"yoast-schema-graph\">{\"@context\":\"https:\\\/\\\/schema.org\",\"@graph\":[{\"@type\":\"WebPage\",\"@id\":\"https:\\\/\\\/www.augsburgerknopffabrik.de\\\/es\\\/\",\"url\":\"https:\\\/\\\/www.augsburgerknopffabrik.de\\\/es\\\/\",\"name\":\"La F\u00e1brica de botones Augsburger Knopffabrik Alemania\",\"isPartOf\":{\"@id\":\"https:\\\/\\\/www.augsburgerknopffabrik.de\\\/#website\"},\"datePublished\":\"2021-03-11T14:52:48+00:00\",\"dateModified\":\"2026-03-01T10:08:52+00:00\",\"description\":\"La F\u00e1brica de botones Augsburger Knopffabrik Alemania\",\"breadcrumb\":{\"@id\":\"https:\\\/\\\/www.augsburgerknopffabrik.de\\\/es\\\/#breadcrumb\"},\"inLanguage\":\"es\",\"potentialAction\":[{\"@type\":\"ReadAction\",\"target\":[\"https:\\\/\\\/www.augsburgerknopffabrik.de\\\/es\\\/\"]}]},{\"@type\":\"BreadcrumbList\",\"@id\":\"https:\\\/\\\/www.augsburgerknopffabrik.de\\\/es\\\/#breadcrumb\",\"itemListElement\":[{\"@type\":\"ListItem\",\"position\":1,\"name\":\"Startseite\",\"item\":\"https:\\\/\\\/www.augsburgerknopffabrik.de\\\/es\\\/\"},{\"@type\":\"ListItem\",\"position\":2,\"name\":\"Home\"}]},{\"@type\":\"WebSite\",\"@id\":\"https:\\\/\\\/www.augsburgerknopffabrik.de\\\/#website\",\"url\":\"https:\\\/\\\/www.augsburgerknopffabrik.de\\\/\",\"name\":\"Augsburger Knopffabrik\",\"description\":\"Knopfhersteller Kn\u00f6pfe B\u00fcffelhornkn\u00f6pfe\",\"potentialAction\":[{\"@type\":\"SearchAction\",\"target\":{\"@type\":\"EntryPoint\",\"urlTemplate\":\"https:\\\/\\\/www.augsburgerknopffabrik.de\\\/?s={search_term_string}\"},\"query-input\":{\"@type\":\"PropertyValueSpecification\",\"valueRequired\":true,\"valueName\":\"search_term_string\"}}],\"inLanguage\":\"es\"}]}<\/script>\n<!-- \/ Yoast SEO plugin. -->","yoast_head_json":{"title":"La F\u00e1brica de botones Augsburger Knopffabrik Alemania","description":"La F\u00e1brica de botones Augsburger Knopffabrik Alemania","robots":{"index":"index","follow":"follow","max-snippet":"max-snippet:-1","max-image-preview":"max-image-preview:large","max-video-preview":"max-video-preview:-1"},"canonical":"https:\/\/www.augsburgerknopffabrik.de\/es\/","og_locale":"es_ES","og_type":"article","og_title":"La F\u00e1brica de botones Augsburger Knopffabrik Alemania","og_description":"La F\u00e1brica de botones Augsburger Knopffabrik Alemania","og_url":"https:\/\/www.augsburgerknopffabrik.de\/es\/","og_site_name":"Augsburger Knopffabrik","article_modified_time":"2026-03-01T10:08:52+00:00","twitter_card":"summary_large_image","twitter_misc":{"Tiempo de lectura":"2 minutos"},"schema":{"@context":"https:\/\/schema.org","@graph":[{"@type":"WebPage","@id":"https:\/\/www.augsburgerknopffabrik.de\/es\/","url":"https:\/\/www.augsburgerknopffabrik.de\/es\/","name":"La F\u00e1brica de botones Augsburger Knopffabrik Alemania","isPartOf":{"@id":"https:\/\/www.augsburgerknopffabrik.de\/#website"},"datePublished":"2021-03-11T14:52:48+00:00","dateModified":"2026-03-01T10:08:52+00:00","description":"La F\u00e1brica de botones Augsburger Knopffabrik Alemania","breadcrumb":{"@id":"https:\/\/www.augsburgerknopffabrik.de\/es\/#breadcrumb"},"inLanguage":"es","potentialAction":[{"@type":"ReadAction","target":["https:\/\/www.augsburgerknopffabrik.de\/es\/"]}]},{"@type":"BreadcrumbList","@id":"https:\/\/www.augsburgerknopffabrik.de\/es\/#breadcrumb","itemListElement":[{"@type":"ListItem","position":1,"name":"Startseite","item":"https:\/\/www.augsburgerknopffabrik.de\/es\/"},{"@type":"ListItem","position":2,"name":"Home"}]},{"@type":"WebSite","@id":"https:\/\/www.augsburgerknopffabrik.de\/#website","url":"https:\/\/www.augsburgerknopffabrik.de\/","name":"Augsburger Knopffabrik","description":"Knopfhersteller Kn\u00f6pfe B\u00fcffelhornkn\u00f6pfe","potentialAction":[{"@type":"SearchAction","target":{"@type":"EntryPoint","urlTemplate":"https:\/\/www.augsburgerknopffabrik.de\/?s={search_term_string}"},"query-input":{"@type":"PropertyValueSpecification","valueRequired":true,"valueName":"search_term_string"}}],"inLanguage":"es"}]}},"_links":{"self":[{"href":"https:\/\/www.augsburgerknopffabrik.de\/es\/wp-json\/wp\/v2\/pages\/13447","targetHints":{"allow":["GET"]}}],"collection":[{"href":"https:\/\/www.augsburgerknopffabrik.de\/es\/wp-json\/wp\/v2\/pages"}],"about":[{"href":"https:\/\/www.augsburgerknopffabrik.de\/es\/wp-json\/wp\/v2\/types\/page"}],"author":[{"embeddable":true,"href":"https:\/\/www.augsburgerknopffabrik.de\/es\/wp-json\/wp\/v2\/users\/1"}],"replies":[{"embeddable":true,"href":"https:\/\/www.augsburgerknopffabrik.de\/es\/wp-json\/wp\/v2\/comments?post=13447"}],"version-history":[{"count":0,"href":"https:\/\/www.augsburgerknopffabrik.de\/es\/wp-json\/wp\/v2\/pages\/13447\/revisions"}],"wp:attachment":[{"href":"https:\/\/www.augsburgerknopffabrik.de\/es\/wp-json\/wp\/v2\/media?parent=13447"}],"curies":[{"name":"wp","href":"https:\/\/api.w.org\/{rel}","templated":true}]}}