{"id":13452,"date":"2021-03-11T16:05:08","date_gmt":"2021-03-11T15:05:08","guid":{"rendered":"https:\/\/augsburgerknopffabrik.de\/?page_id=13452"},"modified":"2024-11-05T22:54:15","modified_gmt":"2024-11-05T21:54:15","slug":"aviso-legal","status":"publish","type":"page","link":"https:\/\/www.augsburgerknopffabrik.de\/es\/aviso-legal\/","title":{"rendered":"Aviso legal"},"content":{"rendered":"<div class=\"fusion-fullwidth fullwidth-box fusion-builder-row-1 fusion-flex-container nonhundred-percent-fullwidth non-hundred-percent-height-scrolling\" style=\"--awb-border-radius-top-left:0px;--awb-border-radius-top-right:0px;--awb-border-radius-bottom-right:0px;--awb-border-radius-bottom-left:0px;--awb-flex-wrap:wrap;\" ><div class=\"fusion-builder-row fusion-row fusion-flex-align-items-flex-start fusion-flex-content-wrap\" style=\"max-width:calc( 1100px + 0px );margin-left: calc(-0px \/ 2 );margin-right: calc(-0px \/ 2 );\"><div class=\"fusion-layout-column fusion_builder_column fusion-builder-column-0 fusion_builder_column_1_1 1_1 fusion-flex-column\" style=\"--awb-bg-size:cover;--awb-width-large:100%;--awb-margin-top-large:0px;--awb-spacing-right-large:0px;--awb-margin-bottom-large:0px;--awb-spacing-left-large:0px;--awb-width-medium:100%;--awb-spacing-right-medium:0px;--awb-spacing-left-medium:0px;--awb-width-small:100%;--awb-spacing-right-small:0px;--awb-spacing-left-small:0px;\"><div class=\"fusion-column-wrapper fusion-flex-justify-content-flex-start fusion-content-layout-column\"><div class=\"fusion-separator fusion-full-width-sep\" style=\"align-self: center;margin-left: auto;margin-right: auto;margin-top:40px;width:100%;\"><\/div><div class=\"fusion-text fusion-text-1\"><div class=\"fusion-text\">\n<h1>Imprimir<\/h1>\n<p>Informaci\u00f3n seg\u00fan el art\u00edculo 5 de la TMG<\/p>\n<p>Augsburger Knopffabrik \/ F\u00e1brica de botones de Augsburgo<br \/>\nSchneider &amp; S\u00f6hne \/ Schneider e Hijos<br \/>\nIngeniero diplomado FH Franz-Joachim Schneider<br \/>\nT\u00e4fertinger Str. 12 b<br \/>\n86156 Augsburg<br \/>\nAlemania<\/p>\n<p>Contacte con<br \/>\nTel\u00e9fono: +49 821 461612<br \/>\nfax: +49 821 463912<br \/>\nCorreo electr\u00f3nico: info@augsburgerknopffabrik.de<\/p>\n<p>Registro comercial: HRA 8536<br \/>\nTribunal de registro: Tribunal local de Augsburgo<\/p>\n<p>Identificaci\u00f3n del impuesto sobre la venta<br \/>\nN\u00famero de identificaci\u00f3n del impuesto sobre la venta seg\u00fan el art\u00edculo 27 a de la Umsatzsteuergesetz:<br \/>\nDE 127 437 329<\/p>\n<p>Deutsche Bank Augsburg \/ Banco Alem\u00e1n de Augsburgo<br \/>\nIBAN : DE 5172 0700 2400 6348 0801<br \/>\nBIC : DEUTDEDB720<\/p>\n<p>Resoluci\u00f3n de litigios<br \/>\nPlataforma de la Comisi\u00f3n Europea para la resoluci\u00f3n de conflictos en l\u00ednea: https:\/\/ec.europa.eu\/consumers\/odr<br \/>\nNo estamos obligados a participar en un procedimiento de resoluci\u00f3n de conflictos ante una junta de arbitraje de consumo, pero generalmente estamos dispuestos a hacerlo.<\/p>\n<p><strong>Responsabilidad por el contenido<\/strong><br \/>\nComo proveedor de servicios, somos responsables de nuestros propios contenidos en estas p\u00e1ginas, de acuerdo con el art\u00edculo 7, p\u00e1rrafo 1, de la Ley alemana de medios de comunicaci\u00f3n (TMG). Seg\u00fan los art\u00edculos 8 a 10 de la TMG no estamos obligados a controlar la informaci\u00f3n transmitida o almacenada ni a investigar las circunstancias que indiquen una actividad ilegal.Las obligaciones de eliminar o bloquear el uso de la informaci\u00f3n seg\u00fan las leyes generales no se ven afectadas. Sin embargo, la responsabilidad a este respecto s\u00f3lo es posible a partir del momento en que se conoce una infracci\u00f3n concreta de la ley. Si tenemos conocimiento de tales infracciones, eliminaremos el contenido correspondiente inmediatamente.<\/p>\n<p><strong>Responsabilidad de los enlaces<\/strong><br \/>\nNuestra oferta contiene enlaces a p\u00e1ginas web externas de terceros, sobre cuyos contenidos no tenemos ninguna influencia, por lo que no podemos asumir ninguna responsabilidad por estos contenidos externos. El proveedor u operador de las p\u00e1ginas es siempre responsable del contenido de las p\u00e1ginas enlazadas. Las p\u00e1ginas enlazadas fueron revisadas para detectar posibles infracciones legales en el momento de enlazarlas. Un control permanente de los contenidos de las p\u00e1ginas enlazadas no es razonable sin pruebas concretas de una violaci\u00f3n de la ley. Si tenemos conocimiento de alguna infracci\u00f3n, eliminaremos dichos enlaces inmediatamente.<\/p>\n<p><strong>Copyright<\/strong><br \/>\nLos contenidos y obras creados por los operadores del sitio en estas p\u00e1ginas est\u00e1n sujetos a la legislaci\u00f3n alemana sobre derechos de autor. La reproducci\u00f3n, el procesamiento, la distribuci\u00f3n y cualquier tipo de explotaci\u00f3n fuera de los l\u00edmites de los derechos de autor requieren el consentimiento por escrito del respectivo autor o creador.Las descargas y las copias de este sitio s\u00f3lo se permiten para uso privado y no comercial.En la medida en que el contenido de este sitio no fue creado por el operador, se respetan los derechos de autor de terceros. En particular, los contenidos de terceros se identifican como tales. Si, a pesar de todo, usted se da cuenta de una infracci\u00f3n de los derechos de autor, le pedimos una referencia adecuada. Si tenemos conocimiento de alguna infracci\u00f3n, eliminaremos dicho contenido inmediatamente.<\/p>\n<p><strong>Lugar de jurisdicci\u00f3n<\/strong><br \/>\nAugsburgo<\/p>\n<p>Estado 3\/2021 e-recht24.de<\/p>\n<p class=\"fusion-responsive-typography-calculated\" data-fontsize=\"34\" data-lineheight=\"47.6px\"><a href=\"https:\/\/www.augsburgerknopffabrik.de\/es\/proteccion-de-datos\/\">Protecci\u00f3n de Datos<\/a><\/p>\n<\/div>\n<\/div><div class=\"fusion-separator fusion-full-width-sep\" style=\"align-self: center;margin-left: auto;margin-right: auto;margin-top:10px;margin-bottom:10px;width:100%;\"><div class=\"fusion-separator-border sep-single sep-solid\" style=\"--awb-height:20px;--awb-amount:20px;border-color:#e0dede;border-top-width:1px;\"><\/div><\/div><div class=\"fusion-text fusion-text-2\"><p><img decoding=\"async\" class=\"lazyload size-full wp-image-40 alignleft\" src=\"data:image\/svg+xml,%3Csvg%20xmlns%3D%27http%3A%2F%2Fwww.w3.org%2F2000%2Fsvg%27%20width%3D%27144%27%20height%3D%27144%27%20viewBox%3D%270%200%20144%20144%27%3E%3Crect%20width%3D%27144%27%20height%3D%27144%27%20fill-opacity%3D%220%22%2F%3E%3C%2Fsvg%3E\" data-orig-src=\"https:\/\/www.augsburgerknopffabrik.de\/wp-content\/uploads\/Klick7-Webdesign-144x144.png\" alt=\"Klick7 Webdesign Augsburg\" width=\"144\" height=\"144\" \/><\/p>\n<div class=\"fusion-text\">\n<h3><strong>Dise\u00f1o y realizaci\u00f3n de la p\u00e1gina web<\/strong><\/h3>\n<p><a href=\"https:\/\/www.klick7.de\" target=\"_blank\" rel=\"noopener\">Klick7 Webdesign<\/a> | <a href=\"https:\/\/www.augsburg-webdesign.com\" target=\"_blank\" rel=\"noopener\">Webdesign Augsburg<\/a> Alemania<\/p>\n<\/div>\n<\/div><\/div><\/div><\/div><\/div>\n","protected":false},"excerpt":{"rendered":"","protected":false},"author":1,"featured_media":0,"parent":0,"menu_order":0,"comment_status":"closed","ping_status":"closed","template":"","meta":{"footnotes":""},"class_list":["post-13452","page","type-page","status-publish","hentry"],"yoast_head":"<!-- This site is optimized with the Yoast SEO plugin v27.4 - https:\/\/yoast.com\/product\/yoast-seo-wordpress\/ -->\n<title>Aviso legal - Augsburger Knopffabrik<\/title>\n<meta name=\"description\" content=\"ImprimirInformaci\u00f3n seg\u00fan el art\u00edculo 5 de la TMG. Augsburger Knopffabrik \/ F\u00e1brica de botones de Augsburgo, Alemania\" \/>\n<meta name=\"robots\" content=\"index, follow, max-snippet:-1, max-image-preview:large, max-video-preview:-1\" \/>\n<link rel=\"canonical\" href=\"https:\/\/www.augsburgerknopffabrik.de\/es\/aviso-legal\/\" \/>\n<meta property=\"og:locale\" content=\"es_ES\" \/>\n<meta property=\"og:type\" content=\"article\" \/>\n<meta property=\"og:title\" content=\"Aviso legal - Augsburger Knopffabrik\" \/>\n<meta property=\"og:description\" content=\"ImprimirInformaci\u00f3n seg\u00fan el art\u00edculo 5 de la TMG. Augsburger Knopffabrik \/ F\u00e1brica de botones de Augsburgo, Alemania\" \/>\n<meta property=\"og:url\" content=\"https:\/\/www.augsburgerknopffabrik.de\/es\/aviso-legal\/\" \/>\n<meta property=\"og:site_name\" content=\"Augsburger Knopffabrik\" \/>\n<meta property=\"article:modified_time\" content=\"2024-11-05T21:54:15+00:00\" \/>\n<meta property=\"og:image\" content=\"https:\/\/www.augsburgerknopffabrik.de\/wp-content\/uploads\/Klick7-Webdesign-144x144.webp\" \/>\n\t<meta property=\"og:image:width\" content=\"144\" \/>\n\t<meta property=\"og:image:height\" content=\"144\" \/>\n\t<meta property=\"og:image:type\" content=\"image\/webp\" \/>\n<meta name=\"twitter:card\" content=\"summary_large_image\" \/>\n<meta name=\"twitter:label1\" content=\"Tiempo de lectura\" \/>\n\t<meta name=\"twitter:data1\" content=\"3 minutos\" \/>\n<script type=\"application\/ld+json\" class=\"yoast-schema-graph\">{\"@context\":\"https:\\\/\\\/schema.org\",\"@graph\":[{\"@type\":\"WebPage\",\"@id\":\"https:\\\/\\\/www.augsburgerknopffabrik.de\\\/es\\\/aviso-legal\\\/\",\"url\":\"https:\\\/\\\/www.augsburgerknopffabrik.de\\\/es\\\/aviso-legal\\\/\",\"name\":\"Aviso legal - Augsburger Knopffabrik\",\"isPartOf\":{\"@id\":\"https:\\\/\\\/www.augsburgerknopffabrik.de\\\/#website\"},\"primaryImageOfPage\":{\"@id\":\"https:\\\/\\\/www.augsburgerknopffabrik.de\\\/es\\\/aviso-legal\\\/#primaryimage\"},\"image\":{\"@id\":\"https:\\\/\\\/www.augsburgerknopffabrik.de\\\/es\\\/aviso-legal\\\/#primaryimage\"},\"thumbnailUrl\":\"https:\\\/\\\/www.augsburgerknopffabrik.de\\\/wp-content\\\/uploads\\\/Klick7-Webdesign-144x144.png\",\"datePublished\":\"2021-03-11T15:05:08+00:00\",\"dateModified\":\"2024-11-05T21:54:15+00:00\",\"description\":\"ImprimirInformaci\u00f3n seg\u00fan el art\u00edculo 5 de la TMG. Augsburger Knopffabrik \\\/ F\u00e1brica de botones de Augsburgo, Alemania\",\"breadcrumb\":{\"@id\":\"https:\\\/\\\/www.augsburgerknopffabrik.de\\\/es\\\/aviso-legal\\\/#breadcrumb\"},\"inLanguage\":\"es\",\"potentialAction\":[{\"@type\":\"ReadAction\",\"target\":[\"https:\\\/\\\/www.augsburgerknopffabrik.de\\\/es\\\/aviso-legal\\\/\"]}]},{\"@type\":\"ImageObject\",\"inLanguage\":\"es\",\"@id\":\"https:\\\/\\\/www.augsburgerknopffabrik.de\\\/es\\\/aviso-legal\\\/#primaryimage\",\"url\":\"https:\\\/\\\/www.augsburgerknopffabrik.de\\\/wp-content\\\/uploads\\\/Klick7-Webdesign-144x144.png\",\"contentUrl\":\"https:\\\/\\\/www.augsburgerknopffabrik.de\\\/wp-content\\\/uploads\\\/Klick7-Webdesign-144x144.png\"},{\"@type\":\"BreadcrumbList\",\"@id\":\"https:\\\/\\\/www.augsburgerknopffabrik.de\\\/es\\\/aviso-legal\\\/#breadcrumb\",\"itemListElement\":[{\"@type\":\"ListItem\",\"position\":1,\"name\":\"Startseite\",\"item\":\"https:\\\/\\\/www.augsburgerknopffabrik.de\\\/es\\\/\"},{\"@type\":\"ListItem\",\"position\":2,\"name\":\"Aviso legal\"}]},{\"@type\":\"WebSite\",\"@id\":\"https:\\\/\\\/www.augsburgerknopffabrik.de\\\/#website\",\"url\":\"https:\\\/\\\/www.augsburgerknopffabrik.de\\\/\",\"name\":\"Augsburger Knopffabrik\",\"description\":\"Knopfhersteller Kn\u00f6pfe B\u00fcffelhornkn\u00f6pfe\",\"potentialAction\":[{\"@type\":\"SearchAction\",\"target\":{\"@type\":\"EntryPoint\",\"urlTemplate\":\"https:\\\/\\\/www.augsburgerknopffabrik.de\\\/?s={search_term_string}\"},\"query-input\":{\"@type\":\"PropertyValueSpecification\",\"valueRequired\":true,\"valueName\":\"search_term_string\"}}],\"inLanguage\":\"es\"}]}<\/script>\n<!-- \/ Yoast SEO plugin. -->","yoast_head_json":{"title":"Aviso legal - Augsburger Knopffabrik","description":"ImprimirInformaci\u00f3n seg\u00fan el art\u00edculo 5 de la TMG. Augsburger Knopffabrik \/ F\u00e1brica de botones de Augsburgo, Alemania","robots":{"index":"index","follow":"follow","max-snippet":"max-snippet:-1","max-image-preview":"max-image-preview:large","max-video-preview":"max-video-preview:-1"},"canonical":"https:\/\/www.augsburgerknopffabrik.de\/es\/aviso-legal\/","og_locale":"es_ES","og_type":"article","og_title":"Aviso legal - Augsburger Knopffabrik","og_description":"ImprimirInformaci\u00f3n seg\u00fan el art\u00edculo 5 de la TMG. Augsburger Knopffabrik \/ F\u00e1brica de botones de Augsburgo, Alemania","og_url":"https:\/\/www.augsburgerknopffabrik.de\/es\/aviso-legal\/","og_site_name":"Augsburger Knopffabrik","article_modified_time":"2024-11-05T21:54:15+00:00","og_image":[{"width":144,"height":144,"url":"https:\/\/www.augsburgerknopffabrik.de\/wp-content\/uploads\/Klick7-Webdesign-144x144.webp","type":"image\/webp"}],"twitter_card":"summary_large_image","twitter_misc":{"Tiempo de lectura":"3 minutos"},"schema":{"@context":"https:\/\/schema.org","@graph":[{"@type":"WebPage","@id":"https:\/\/www.augsburgerknopffabrik.de\/es\/aviso-legal\/","url":"https:\/\/www.augsburgerknopffabrik.de\/es\/aviso-legal\/","name":"Aviso legal - Augsburger Knopffabrik","isPartOf":{"@id":"https:\/\/www.augsburgerknopffabrik.de\/#website"},"primaryImageOfPage":{"@id":"https:\/\/www.augsburgerknopffabrik.de\/es\/aviso-legal\/#primaryimage"},"image":{"@id":"https:\/\/www.augsburgerknopffabrik.de\/es\/aviso-legal\/#primaryimage"},"thumbnailUrl":"https:\/\/www.augsburgerknopffabrik.de\/wp-content\/uploads\/Klick7-Webdesign-144x144.png","datePublished":"2021-03-11T15:05:08+00:00","dateModified":"2024-11-05T21:54:15+00:00","description":"ImprimirInformaci\u00f3n seg\u00fan el art\u00edculo 5 de la TMG. Augsburger Knopffabrik \/ F\u00e1brica de botones de Augsburgo, Alemania","breadcrumb":{"@id":"https:\/\/www.augsburgerknopffabrik.de\/es\/aviso-legal\/#breadcrumb"},"inLanguage":"es","potentialAction":[{"@type":"ReadAction","target":["https:\/\/www.augsburgerknopffabrik.de\/es\/aviso-legal\/"]}]},{"@type":"ImageObject","inLanguage":"es","@id":"https:\/\/www.augsburgerknopffabrik.de\/es\/aviso-legal\/#primaryimage","url":"https:\/\/www.augsburgerknopffabrik.de\/wp-content\/uploads\/Klick7-Webdesign-144x144.png","contentUrl":"https:\/\/www.augsburgerknopffabrik.de\/wp-content\/uploads\/Klick7-Webdesign-144x144.png"},{"@type":"BreadcrumbList","@id":"https:\/\/www.augsburgerknopffabrik.de\/es\/aviso-legal\/#breadcrumb","itemListElement":[{"@type":"ListItem","position":1,"name":"Startseite","item":"https:\/\/www.augsburgerknopffabrik.de\/es\/"},{"@type":"ListItem","position":2,"name":"Aviso legal"}]},{"@type":"WebSite","@id":"https:\/\/www.augsburgerknopffabrik.de\/#website","url":"https:\/\/www.augsburgerknopffabrik.de\/","name":"Augsburger Knopffabrik","description":"Knopfhersteller Kn\u00f6pfe B\u00fcffelhornkn\u00f6pfe","potentialAction":[{"@type":"SearchAction","target":{"@type":"EntryPoint","urlTemplate":"https:\/\/www.augsburgerknopffabrik.de\/?s={search_term_string}"},"query-input":{"@type":"PropertyValueSpecification","valueRequired":true,"valueName":"search_term_string"}}],"inLanguage":"es"}]}},"_links":{"self":[{"href":"https:\/\/www.augsburgerknopffabrik.de\/es\/wp-json\/wp\/v2\/pages\/13452","targetHints":{"allow":["GET"]}}],"collection":[{"href":"https:\/\/www.augsburgerknopffabrik.de\/es\/wp-json\/wp\/v2\/pages"}],"about":[{"href":"https:\/\/www.augsburgerknopffabrik.de\/es\/wp-json\/wp\/v2\/types\/page"}],"author":[{"embeddable":true,"href":"https:\/\/www.augsburgerknopffabrik.de\/es\/wp-json\/wp\/v2\/users\/1"}],"replies":[{"embeddable":true,"href":"https:\/\/www.augsburgerknopffabrik.de\/es\/wp-json\/wp\/v2\/comments?post=13452"}],"version-history":[{"count":0,"href":"https:\/\/www.augsburgerknopffabrik.de\/es\/wp-json\/wp\/v2\/pages\/13452\/revisions"}],"wp:attachment":[{"href":"https:\/\/www.augsburgerknopffabrik.de\/es\/wp-json\/wp\/v2\/media?parent=13452"}],"curies":[{"name":"wp","href":"https:\/\/api.w.org\/{rel}","templated":true}]}}