{"id":14205,"date":"2019-05-29T11:46:04","date_gmt":"2019-05-29T09:46:04","guid":{"rendered":"https:\/\/augsburgerknopffabrik.de\/product\/boton-de-abrigo-cuerno-de-bufalo-4\/"},"modified":"2024-04-09T10:44:33","modified_gmt":"2024-04-09T08:44:33","slug":"boton-de-abrigo-cuerno-de-bufalo-4","status":"publish","type":"product","link":"https:\/\/www.augsburgerknopffabrik.de\/es\/producto\/boton-de-abrigo-cuerno-de-bufalo-4\/","title":{"rendered":"bot\u00f3n de abrigo cuerno de b\u00fafalo"},"content":{"rendered":"","protected":false},"excerpt":{"rendered":"","protected":false},"featured_media":13035,"template":"","meta":[],"product_brand":[],"product_cat":[170,171],"product_tag":[],"class_list":{"0":"post-14205","1":"product","2":"type-product","3":"status-publish","4":"has-post-thumbnail","6":"product_cat-botones-de-abrigo","7":"product_cat-cuerno-de-bufalo-real-botones-de-abrigo","9":"first","10":"instock","11":"taxable","12":"shipping-taxable","13":"purchasable","14":"product-type-variable"},"yoast_head":"<!-- This site is optimized with the Yoast SEO plugin v27.4 - https:\/\/yoast.com\/product\/yoast-seo-wordpress\/ -->\n<title>bot\u00f3n de abrigo cuerno de b\u00fafalo - Augsburger Knopffabrik<\/title>\n<meta name=\"robots\" content=\"index, follow, max-snippet:-1, max-image-preview:large, max-video-preview:-1\" \/>\n<link rel=\"canonical\" href=\"https:\/\/www.augsburgerknopffabrik.de\/es\/producto\/boton-de-abrigo-cuerno-de-bufalo-4\/\" \/>\n<meta property=\"og:locale\" content=\"es_ES\" \/>\n<meta property=\"og:type\" content=\"article\" \/>\n<meta property=\"og:title\" content=\"bot\u00f3n de abrigo cuerno de b\u00fafalo - Augsburger Knopffabrik\" \/>\n<meta property=\"og:url\" content=\"https:\/\/www.augsburgerknopffabrik.de\/es\/producto\/boton-de-abrigo-cuerno-de-bufalo-4\/\" \/>\n<meta property=\"og:site_name\" content=\"Augsburger Knopffabrik\" \/>\n<meta property=\"article:modified_time\" content=\"2024-04-09T08:44:33+00:00\" \/>\n<meta property=\"og:image\" content=\"https:\/\/www.augsburgerknopffabrik.de\/wp-content\/uploads\/12131-rotated-e1586859649613.jpg\" \/>\n\t<meta property=\"og:image:width\" content=\"700\" \/>\n\t<meta property=\"og:image:height\" content=\"700\" \/>\n\t<meta property=\"og:image:type\" content=\"image\/jpeg\" \/>\n<meta name=\"twitter:card\" content=\"summary_large_image\" \/>\n<script type=\"application\/ld+json\" class=\"yoast-schema-graph\">{\"@context\":\"https:\\\/\\\/schema.org\",\"@graph\":[{\"@type\":\"WebPage\",\"@id\":\"https:\\\/\\\/www.augsburgerknopffabrik.de\\\/es\\\/producto\\\/boton-de-abrigo-cuerno-de-bufalo-4\\\/\",\"url\":\"https:\\\/\\\/www.augsburgerknopffabrik.de\\\/es\\\/producto\\\/boton-de-abrigo-cuerno-de-bufalo-4\\\/\",\"name\":\"bot\u00f3n de abrigo cuerno de b\u00fafalo - Augsburger Knopffabrik\",\"isPartOf\":{\"@id\":\"https:\\\/\\\/www.augsburgerknopffabrik.de\\\/#website\"},\"primaryImageOfPage\":{\"@id\":\"https:\\\/\\\/www.augsburgerknopffabrik.de\\\/es\\\/producto\\\/boton-de-abrigo-cuerno-de-bufalo-4\\\/#primaryimage\"},\"image\":{\"@id\":\"https:\\\/\\\/www.augsburgerknopffabrik.de\\\/es\\\/producto\\\/boton-de-abrigo-cuerno-de-bufalo-4\\\/#primaryimage\"},\"thumbnailUrl\":\"https:\\\/\\\/www.augsburgerknopffabrik.de\\\/wp-content\\\/uploads\\\/12131-rotated-e1586859649613.webp\",\"datePublished\":\"2019-05-29T09:46:04+00:00\",\"dateModified\":\"2024-04-09T08:44:33+00:00\",\"breadcrumb\":{\"@id\":\"https:\\\/\\\/www.augsburgerknopffabrik.de\\\/es\\\/producto\\\/boton-de-abrigo-cuerno-de-bufalo-4\\\/#breadcrumb\"},\"inLanguage\":\"es\",\"potentialAction\":[{\"@type\":\"ReadAction\",\"target\":[\"https:\\\/\\\/www.augsburgerknopffabrik.de\\\/es\\\/producto\\\/boton-de-abrigo-cuerno-de-bufalo-4\\\/\"]}]},{\"@type\":\"ImageObject\",\"inLanguage\":\"es\",\"@id\":\"https:\\\/\\\/www.augsburgerknopffabrik.de\\\/es\\\/producto\\\/boton-de-abrigo-cuerno-de-bufalo-4\\\/#primaryimage\",\"url\":\"https:\\\/\\\/www.augsburgerknopffabrik.de\\\/wp-content\\\/uploads\\\/12131-rotated-e1586859649613.webp\",\"contentUrl\":\"https:\\\/\\\/www.augsburgerknopffabrik.de\\\/wp-content\\\/uploads\\\/12131-rotated-e1586859649613.webp\",\"width\":700,\"height\":700},{\"@type\":\"BreadcrumbList\",\"@id\":\"https:\\\/\\\/www.augsburgerknopffabrik.de\\\/es\\\/producto\\\/boton-de-abrigo-cuerno-de-bufalo-4\\\/#breadcrumb\",\"itemListElement\":[{\"@type\":\"ListItem\",\"position\":1,\"name\":\"Startseite\",\"item\":\"https:\\\/\\\/www.augsburgerknopffabrik.de\\\/es\\\/\"},{\"@type\":\"ListItem\",\"position\":2,\"name\":\"Tienda\",\"item\":\"https:\\\/\\\/www.augsburgerknopffabrik.de\\\/es\\\/tienda\\\/\"},{\"@type\":\"ListItem\",\"position\":3,\"name\":\"bot\u00f3n de abrigo cuerno de b\u00fafalo\"}]},{\"@type\":\"WebSite\",\"@id\":\"https:\\\/\\\/www.augsburgerknopffabrik.de\\\/#website\",\"url\":\"https:\\\/\\\/www.augsburgerknopffabrik.de\\\/\",\"name\":\"Augsburger Knopffabrik\",\"description\":\"Knopfhersteller Kn\u00f6pfe B\u00fcffelhornkn\u00f6pfe\",\"potentialAction\":[{\"@type\":\"SearchAction\",\"target\":{\"@type\":\"EntryPoint\",\"urlTemplate\":\"https:\\\/\\\/www.augsburgerknopffabrik.de\\\/?s={search_term_string}\"},\"query-input\":{\"@type\":\"PropertyValueSpecification\",\"valueRequired\":true,\"valueName\":\"search_term_string\"}}],\"inLanguage\":\"es\"}]}<\/script>\n<!-- \/ Yoast SEO plugin. -->","yoast_head_json":{"title":"bot\u00f3n de abrigo cuerno de b\u00fafalo - Augsburger Knopffabrik","robots":{"index":"index","follow":"follow","max-snippet":"max-snippet:-1","max-image-preview":"max-image-preview:large","max-video-preview":"max-video-preview:-1"},"canonical":"https:\/\/www.augsburgerknopffabrik.de\/es\/producto\/boton-de-abrigo-cuerno-de-bufalo-4\/","og_locale":"es_ES","og_type":"article","og_title":"bot\u00f3n de abrigo cuerno de b\u00fafalo - Augsburger Knopffabrik","og_url":"https:\/\/www.augsburgerknopffabrik.de\/es\/producto\/boton-de-abrigo-cuerno-de-bufalo-4\/","og_site_name":"Augsburger Knopffabrik","article_modified_time":"2024-04-09T08:44:33+00:00","og_image":[{"width":700,"height":700,"url":"https:\/\/www.augsburgerknopffabrik.de\/wp-content\/uploads\/12131-rotated-e1586859649613.jpg","type":"image\/jpeg"}],"twitter_card":"summary_large_image","schema":{"@context":"https:\/\/schema.org","@graph":[{"@type":"WebPage","@id":"https:\/\/www.augsburgerknopffabrik.de\/es\/producto\/boton-de-abrigo-cuerno-de-bufalo-4\/","url":"https:\/\/www.augsburgerknopffabrik.de\/es\/producto\/boton-de-abrigo-cuerno-de-bufalo-4\/","name":"bot\u00f3n de abrigo cuerno de b\u00fafalo - Augsburger Knopffabrik","isPartOf":{"@id":"https:\/\/www.augsburgerknopffabrik.de\/#website"},"primaryImageOfPage":{"@id":"https:\/\/www.augsburgerknopffabrik.de\/es\/producto\/boton-de-abrigo-cuerno-de-bufalo-4\/#primaryimage"},"image":{"@id":"https:\/\/www.augsburgerknopffabrik.de\/es\/producto\/boton-de-abrigo-cuerno-de-bufalo-4\/#primaryimage"},"thumbnailUrl":"https:\/\/www.augsburgerknopffabrik.de\/wp-content\/uploads\/12131-rotated-e1586859649613.webp","datePublished":"2019-05-29T09:46:04+00:00","dateModified":"2024-04-09T08:44:33+00:00","breadcrumb":{"@id":"https:\/\/www.augsburgerknopffabrik.de\/es\/producto\/boton-de-abrigo-cuerno-de-bufalo-4\/#breadcrumb"},"inLanguage":"es","potentialAction":[{"@type":"ReadAction","target":["https:\/\/www.augsburgerknopffabrik.de\/es\/producto\/boton-de-abrigo-cuerno-de-bufalo-4\/"]}]},{"@type":"ImageObject","inLanguage":"es","@id":"https:\/\/www.augsburgerknopffabrik.de\/es\/producto\/boton-de-abrigo-cuerno-de-bufalo-4\/#primaryimage","url":"https:\/\/www.augsburgerknopffabrik.de\/wp-content\/uploads\/12131-rotated-e1586859649613.webp","contentUrl":"https:\/\/www.augsburgerknopffabrik.de\/wp-content\/uploads\/12131-rotated-e1586859649613.webp","width":700,"height":700},{"@type":"BreadcrumbList","@id":"https:\/\/www.augsburgerknopffabrik.de\/es\/producto\/boton-de-abrigo-cuerno-de-bufalo-4\/#breadcrumb","itemListElement":[{"@type":"ListItem","position":1,"name":"Startseite","item":"https:\/\/www.augsburgerknopffabrik.de\/es\/"},{"@type":"ListItem","position":2,"name":"Tienda","item":"https:\/\/www.augsburgerknopffabrik.de\/es\/tienda\/"},{"@type":"ListItem","position":3,"name":"bot\u00f3n de abrigo cuerno de b\u00fafalo"}]},{"@type":"WebSite","@id":"https:\/\/www.augsburgerknopffabrik.de\/#website","url":"https:\/\/www.augsburgerknopffabrik.de\/","name":"Augsburger Knopffabrik","description":"Knopfhersteller Kn\u00f6pfe B\u00fcffelhornkn\u00f6pfe","potentialAction":[{"@type":"SearchAction","target":{"@type":"EntryPoint","urlTemplate":"https:\/\/www.augsburgerknopffabrik.de\/?s={search_term_string}"},"query-input":{"@type":"PropertyValueSpecification","valueRequired":true,"valueName":"search_term_string"}}],"inLanguage":"es"}]}},"_links":{"self":[{"href":"https:\/\/www.augsburgerknopffabrik.de\/es\/wp-json\/wp\/v2\/product\/14205","targetHints":{"allow":["GET"]}}],"collection":[{"href":"https:\/\/www.augsburgerknopffabrik.de\/es\/wp-json\/wp\/v2\/product"}],"about":[{"href":"https:\/\/www.augsburgerknopffabrik.de\/es\/wp-json\/wp\/v2\/types\/product"}],"wp:featuredmedia":[{"embeddable":true,"href":"https:\/\/www.augsburgerknopffabrik.de\/es\/wp-json\/wp\/v2\/media\/13035"}],"wp:attachment":[{"href":"https:\/\/www.augsburgerknopffabrik.de\/es\/wp-json\/wp\/v2\/media?parent=14205"}],"wp:term":[{"taxonomy":"product_brand","embeddable":true,"href":"https:\/\/www.augsburgerknopffabrik.de\/es\/wp-json\/wp\/v2\/product_brand?post=14205"},{"taxonomy":"product_cat","embeddable":true,"href":"https:\/\/www.augsburgerknopffabrik.de\/es\/wp-json\/wp\/v2\/product_cat?post=14205"},{"taxonomy":"product_tag","embeddable":true,"href":"https:\/\/www.augsburgerknopffabrik.de\/es\/wp-json\/wp\/v2\/product_tag?post=14205"}],"curies":[{"name":"wp","href":"https:\/\/api.w.org\/{rel}","templated":true}]}}