{"id":25969,"date":"2024-06-13T11:22:55","date_gmt":"2024-06-13T09:22:55","guid":{"rendered":"https:\/\/www.augsburgerknopffabrik.de\/product\/boton-de-madera-natural\/"},"modified":"2026-04-14T10:05:38","modified_gmt":"2026-04-14T08:05:38","slug":"boton-de-madera-natural","status":"publish","type":"product","link":"https:\/\/www.augsburgerknopffabrik.de\/es\/producto\/boton-de-madera-natural\/","title":{"rendered":"Bot\u00f3n de madera natural"},"content":{"rendered":"","protected":false},"excerpt":{"rendered":"","protected":false},"featured_media":28856,"template":"","meta":[],"product_brand":[],"product_cat":[150,155],"product_tag":[],"class_list":{"0":"post-25969","1":"product","2":"type-product","3":"status-publish","4":"has-post-thumbnail","6":"product_cat-country-es","7":"product_cat-trajes-tradicionales-country","9":"first","10":"instock","11":"taxable","12":"shipping-taxable","13":"purchasable","14":"product-type-variable"},"yoast_head":"<!-- This site is optimized with the Yoast SEO plugin v27.4 - https:\/\/yoast.com\/product\/yoast-seo-wordpress\/ -->\n<title>Bot\u00f3n de madera natural - Augsburger Knopffabrik<\/title>\n<meta name=\"robots\" content=\"index, follow, max-snippet:-1, max-image-preview:large, max-video-preview:-1\" \/>\n<link rel=\"canonical\" href=\"https:\/\/www.augsburgerknopffabrik.de\/es\/producto\/boton-de-madera-natural\/\" \/>\n<meta property=\"og:locale\" content=\"es_ES\" \/>\n<meta property=\"og:type\" content=\"article\" \/>\n<meta property=\"og:title\" content=\"Bot\u00f3n de madera natural - Augsburger Knopffabrik\" \/>\n<meta property=\"og:url\" content=\"https:\/\/www.augsburgerknopffabrik.de\/es\/producto\/boton-de-madera-natural\/\" \/>\n<meta property=\"og:site_name\" content=\"Augsburger Knopffabrik\" \/>\n<meta property=\"article:modified_time\" content=\"2026-04-14T08:05:38+00:00\" \/>\n<meta property=\"og:image\" content=\"https:\/\/www.augsburgerknopffabrik.de\/wp-content\/uploads\/5024-350x350-1.webp\" \/>\n\t<meta property=\"og:image:width\" content=\"350\" \/>\n\t<meta property=\"og:image:height\" content=\"350\" \/>\n\t<meta property=\"og:image:type\" content=\"image\/webp\" \/>\n<meta name=\"twitter:card\" content=\"summary_large_image\" \/>\n<script type=\"application\/ld+json\" class=\"yoast-schema-graph\">{\"@context\":\"https:\\\/\\\/schema.org\",\"@graph\":[{\"@type\":\"WebPage\",\"@id\":\"https:\\\/\\\/www.augsburgerknopffabrik.de\\\/es\\\/producto\\\/boton-de-madera-natural\\\/\",\"url\":\"https:\\\/\\\/www.augsburgerknopffabrik.de\\\/es\\\/producto\\\/boton-de-madera-natural\\\/\",\"name\":\"Bot\u00f3n de madera natural - Augsburger Knopffabrik\",\"isPartOf\":{\"@id\":\"https:\\\/\\\/www.augsburgerknopffabrik.de\\\/#website\"},\"primaryImageOfPage\":{\"@id\":\"https:\\\/\\\/www.augsburgerknopffabrik.de\\\/es\\\/producto\\\/boton-de-madera-natural\\\/#primaryimage\"},\"image\":{\"@id\":\"https:\\\/\\\/www.augsburgerknopffabrik.de\\\/es\\\/producto\\\/boton-de-madera-natural\\\/#primaryimage\"},\"thumbnailUrl\":\"https:\\\/\\\/www.augsburgerknopffabrik.de\\\/wp-content\\\/uploads\\\/5024-350x350-1.webp\",\"datePublished\":\"2024-06-13T09:22:55+00:00\",\"dateModified\":\"2026-04-14T08:05:38+00:00\",\"breadcrumb\":{\"@id\":\"https:\\\/\\\/www.augsburgerknopffabrik.de\\\/es\\\/producto\\\/boton-de-madera-natural\\\/#breadcrumb\"},\"inLanguage\":\"es\",\"potentialAction\":[{\"@type\":\"ReadAction\",\"target\":[\"https:\\\/\\\/www.augsburgerknopffabrik.de\\\/es\\\/producto\\\/boton-de-madera-natural\\\/\"]}]},{\"@type\":\"ImageObject\",\"inLanguage\":\"es\",\"@id\":\"https:\\\/\\\/www.augsburgerknopffabrik.de\\\/es\\\/producto\\\/boton-de-madera-natural\\\/#primaryimage\",\"url\":\"https:\\\/\\\/www.augsburgerknopffabrik.de\\\/wp-content\\\/uploads\\\/5024-350x350-1.webp\",\"contentUrl\":\"https:\\\/\\\/www.augsburgerknopffabrik.de\\\/wp-content\\\/uploads\\\/5024-350x350-1.webp\",\"width\":350,\"height\":350},{\"@type\":\"BreadcrumbList\",\"@id\":\"https:\\\/\\\/www.augsburgerknopffabrik.de\\\/es\\\/producto\\\/boton-de-madera-natural\\\/#breadcrumb\",\"itemListElement\":[{\"@type\":\"ListItem\",\"position\":1,\"name\":\"Startseite\",\"item\":\"https:\\\/\\\/www.augsburgerknopffabrik.de\\\/es\\\/\"},{\"@type\":\"ListItem\",\"position\":2,\"name\":\"Tienda\",\"item\":\"https:\\\/\\\/www.augsburgerknopffabrik.de\\\/es\\\/tienda\\\/\"},{\"@type\":\"ListItem\",\"position\":3,\"name\":\"Bot\u00f3n de madera natural\"}]},{\"@type\":\"WebSite\",\"@id\":\"https:\\\/\\\/www.augsburgerknopffabrik.de\\\/#website\",\"url\":\"https:\\\/\\\/www.augsburgerknopffabrik.de\\\/\",\"name\":\"Augsburger Knopffabrik\",\"description\":\"Knopfhersteller Kn\u00f6pfe B\u00fcffelhornkn\u00f6pfe\",\"potentialAction\":[{\"@type\":\"SearchAction\",\"target\":{\"@type\":\"EntryPoint\",\"urlTemplate\":\"https:\\\/\\\/www.augsburgerknopffabrik.de\\\/?s={search_term_string}\"},\"query-input\":{\"@type\":\"PropertyValueSpecification\",\"valueRequired\":true,\"valueName\":\"search_term_string\"}}],\"inLanguage\":\"es\"}]}<\/script>\n<!-- \/ Yoast SEO plugin. -->","yoast_head_json":{"title":"Bot\u00f3n de madera natural - Augsburger Knopffabrik","robots":{"index":"index","follow":"follow","max-snippet":"max-snippet:-1","max-image-preview":"max-image-preview:large","max-video-preview":"max-video-preview:-1"},"canonical":"https:\/\/www.augsburgerknopffabrik.de\/es\/producto\/boton-de-madera-natural\/","og_locale":"es_ES","og_type":"article","og_title":"Bot\u00f3n de madera natural - Augsburger Knopffabrik","og_url":"https:\/\/www.augsburgerknopffabrik.de\/es\/producto\/boton-de-madera-natural\/","og_site_name":"Augsburger Knopffabrik","article_modified_time":"2026-04-14T08:05:38+00:00","og_image":[{"width":350,"height":350,"url":"https:\/\/www.augsburgerknopffabrik.de\/wp-content\/uploads\/5024-350x350-1.webp","type":"image\/webp"}],"twitter_card":"summary_large_image","schema":{"@context":"https:\/\/schema.org","@graph":[{"@type":"WebPage","@id":"https:\/\/www.augsburgerknopffabrik.de\/es\/producto\/boton-de-madera-natural\/","url":"https:\/\/www.augsburgerknopffabrik.de\/es\/producto\/boton-de-madera-natural\/","name":"Bot\u00f3n de madera natural - Augsburger Knopffabrik","isPartOf":{"@id":"https:\/\/www.augsburgerknopffabrik.de\/#website"},"primaryImageOfPage":{"@id":"https:\/\/www.augsburgerknopffabrik.de\/es\/producto\/boton-de-madera-natural\/#primaryimage"},"image":{"@id":"https:\/\/www.augsburgerknopffabrik.de\/es\/producto\/boton-de-madera-natural\/#primaryimage"},"thumbnailUrl":"https:\/\/www.augsburgerknopffabrik.de\/wp-content\/uploads\/5024-350x350-1.webp","datePublished":"2024-06-13T09:22:55+00:00","dateModified":"2026-04-14T08:05:38+00:00","breadcrumb":{"@id":"https:\/\/www.augsburgerknopffabrik.de\/es\/producto\/boton-de-madera-natural\/#breadcrumb"},"inLanguage":"es","potentialAction":[{"@type":"ReadAction","target":["https:\/\/www.augsburgerknopffabrik.de\/es\/producto\/boton-de-madera-natural\/"]}]},{"@type":"ImageObject","inLanguage":"es","@id":"https:\/\/www.augsburgerknopffabrik.de\/es\/producto\/boton-de-madera-natural\/#primaryimage","url":"https:\/\/www.augsburgerknopffabrik.de\/wp-content\/uploads\/5024-350x350-1.webp","contentUrl":"https:\/\/www.augsburgerknopffabrik.de\/wp-content\/uploads\/5024-350x350-1.webp","width":350,"height":350},{"@type":"BreadcrumbList","@id":"https:\/\/www.augsburgerknopffabrik.de\/es\/producto\/boton-de-madera-natural\/#breadcrumb","itemListElement":[{"@type":"ListItem","position":1,"name":"Startseite","item":"https:\/\/www.augsburgerknopffabrik.de\/es\/"},{"@type":"ListItem","position":2,"name":"Tienda","item":"https:\/\/www.augsburgerknopffabrik.de\/es\/tienda\/"},{"@type":"ListItem","position":3,"name":"Bot\u00f3n de madera natural"}]},{"@type":"WebSite","@id":"https:\/\/www.augsburgerknopffabrik.de\/#website","url":"https:\/\/www.augsburgerknopffabrik.de\/","name":"Augsburger Knopffabrik","description":"Knopfhersteller Kn\u00f6pfe B\u00fcffelhornkn\u00f6pfe","potentialAction":[{"@type":"SearchAction","target":{"@type":"EntryPoint","urlTemplate":"https:\/\/www.augsburgerknopffabrik.de\/?s={search_term_string}"},"query-input":{"@type":"PropertyValueSpecification","valueRequired":true,"valueName":"search_term_string"}}],"inLanguage":"es"}]}},"_links":{"self":[{"href":"https:\/\/www.augsburgerknopffabrik.de\/es\/wp-json\/wp\/v2\/product\/25969","targetHints":{"allow":["GET"]}}],"collection":[{"href":"https:\/\/www.augsburgerknopffabrik.de\/es\/wp-json\/wp\/v2\/product"}],"about":[{"href":"https:\/\/www.augsburgerknopffabrik.de\/es\/wp-json\/wp\/v2\/types\/product"}],"wp:featuredmedia":[{"embeddable":true,"href":"https:\/\/www.augsburgerknopffabrik.de\/es\/wp-json\/wp\/v2\/media\/28856"}],"wp:attachment":[{"href":"https:\/\/www.augsburgerknopffabrik.de\/es\/wp-json\/wp\/v2\/media?parent=25969"}],"wp:term":[{"taxonomy":"product_brand","embeddable":true,"href":"https:\/\/www.augsburgerknopffabrik.de\/es\/wp-json\/wp\/v2\/product_brand?post=25969"},{"taxonomy":"product_cat","embeddable":true,"href":"https:\/\/www.augsburgerknopffabrik.de\/es\/wp-json\/wp\/v2\/product_cat?post=25969"},{"taxonomy":"product_tag","embeddable":true,"href":"https:\/\/www.augsburgerknopffabrik.de\/es\/wp-json\/wp\/v2\/product_tag?post=25969"}],"curies":[{"name":"wp","href":"https:\/\/api.w.org\/{rel}","templated":true}]}}