{"id":28805,"date":"2026-03-31T13:49:22","date_gmt":"2026-03-31T11:49:22","guid":{"rendered":"https:\/\/www.augsburgerknopffabrik.de\/product\/botones-para-blusas-camisas-y-pantalones-cuerno-de-bufalo\/"},"modified":"2026-03-31T13:49:22","modified_gmt":"2026-03-31T11:49:22","slug":"botones-para-blusas-camisas-y-pantalones-cuerno-de-bufalo","status":"publish","type":"product","link":"https:\/\/www.augsburgerknopffabrik.de\/es\/producto\/botones-para-blusas-camisas-y-pantalones-cuerno-de-bufalo\/","title":{"rendered":"Botones para blusas, camisas y pantalones  cuerno de b\u00fafalo"},"content":{"rendered":"","protected":false},"excerpt":{"rendered":"","protected":false},"featured_media":12838,"template":"","meta":[],"product_brand":[],"product_cat":[158,159],"product_tag":[],"class_list":{"0":"post-28805","1":"product","2":"type-product","3":"status-publish","4":"has-post-thumbnail","6":"product_cat-botones-de-camisa-y-botones-de-blusa","7":"product_cat-cuerno-de-bufalo-real-botones-de-camisa-y-botones-de-blusa","9":"first","10":"instock","11":"taxable","12":"shipping-taxable","13":"purchasable","14":"product-type-variable"},"yoast_head":"<!-- This site is optimized with the Yoast SEO plugin v27.3 - https:\/\/yoast.com\/product\/yoast-seo-wordpress\/ -->\n<title>Botones para blusas, camisas y pantalones cuerno de b\u00fafalo - Augsburger Knopffabrik<\/title>\n<meta name=\"robots\" content=\"index, follow, max-snippet:-1, max-image-preview:large, max-video-preview:-1\" \/>\n<link rel=\"canonical\" href=\"https:\/\/www.augsburgerknopffabrik.de\/es\/producto\/botones-para-blusas-camisas-y-pantalones-cuerno-de-bufalo\/\" \/>\n<meta property=\"og:locale\" content=\"es_ES\" \/>\n<meta property=\"og:type\" content=\"article\" \/>\n<meta property=\"og:title\" content=\"Botones para blusas, camisas y pantalones cuerno de b\u00fafalo - Augsburger Knopffabrik\" \/>\n<meta property=\"og:url\" content=\"https:\/\/www.augsburgerknopffabrik.de\/es\/producto\/botones-para-blusas-camisas-y-pantalones-cuerno-de-bufalo\/\" \/>\n<meta property=\"og:site_name\" content=\"Augsburger Knopffabrik\" \/>\n<meta name=\"twitter:card\" content=\"summary_large_image\" \/>\n<script type=\"application\/ld+json\" class=\"yoast-schema-graph\">{\"@context\":\"https:\\\/\\\/schema.org\",\"@graph\":[{\"@type\":\"WebPage\",\"@id\":\"https:\\\/\\\/www.augsburgerknopffabrik.de\\\/es\\\/producto\\\/botones-para-blusas-camisas-y-pantalones-cuerno-de-bufalo\\\/\",\"url\":\"https:\\\/\\\/www.augsburgerknopffabrik.de\\\/es\\\/producto\\\/botones-para-blusas-camisas-y-pantalones-cuerno-de-bufalo\\\/\",\"name\":\"Botones para blusas, camisas y pantalones cuerno de b\u00fafalo - Augsburger Knopffabrik\",\"isPartOf\":{\"@id\":\"https:\\\/\\\/www.augsburgerknopffabrik.de\\\/#website\"},\"primaryImageOfPage\":{\"@id\":\"https:\\\/\\\/www.augsburgerknopffabrik.de\\\/es\\\/producto\\\/botones-para-blusas-camisas-y-pantalones-cuerno-de-bufalo\\\/#primaryimage\"},\"image\":{\"@id\":\"https:\\\/\\\/www.augsburgerknopffabrik.de\\\/es\\\/producto\\\/botones-para-blusas-camisas-y-pantalones-cuerno-de-bufalo\\\/#primaryimage\"},\"thumbnailUrl\":\"https:\\\/\\\/www.augsburgerknopffabrik.de\\\/wp-content\\\/uploads\\\/4080-grau-mel.-rotated-e1585649034304.webp\",\"datePublished\":\"2026-03-31T11:49:22+00:00\",\"breadcrumb\":{\"@id\":\"https:\\\/\\\/www.augsburgerknopffabrik.de\\\/es\\\/producto\\\/botones-para-blusas-camisas-y-pantalones-cuerno-de-bufalo\\\/#breadcrumb\"},\"inLanguage\":\"es\",\"potentialAction\":[{\"@type\":\"ReadAction\",\"target\":[\"https:\\\/\\\/www.augsburgerknopffabrik.de\\\/es\\\/producto\\\/botones-para-blusas-camisas-y-pantalones-cuerno-de-bufalo\\\/\"]}]},{\"@type\":\"ImageObject\",\"inLanguage\":\"es\",\"@id\":\"https:\\\/\\\/www.augsburgerknopffabrik.de\\\/es\\\/producto\\\/botones-para-blusas-camisas-y-pantalones-cuerno-de-bufalo\\\/#primaryimage\",\"url\":\"https:\\\/\\\/www.augsburgerknopffabrik.de\\\/wp-content\\\/uploads\\\/4080-grau-mel.-rotated-e1585649034304.webp\",\"contentUrl\":\"https:\\\/\\\/www.augsburgerknopffabrik.de\\\/wp-content\\\/uploads\\\/4080-grau-mel.-rotated-e1585649034304.webp\",\"width\":700,\"height\":700},{\"@type\":\"BreadcrumbList\",\"@id\":\"https:\\\/\\\/www.augsburgerknopffabrik.de\\\/es\\\/producto\\\/botones-para-blusas-camisas-y-pantalones-cuerno-de-bufalo\\\/#breadcrumb\",\"itemListElement\":[{\"@type\":\"ListItem\",\"position\":1,\"name\":\"Startseite\",\"item\":\"https:\\\/\\\/www.augsburgerknopffabrik.de\\\/es\\\/\"},{\"@type\":\"ListItem\",\"position\":2,\"name\":\"Tienda\",\"item\":\"https:\\\/\\\/www.augsburgerknopffabrik.de\\\/es\\\/tienda\\\/\"},{\"@type\":\"ListItem\",\"position\":3,\"name\":\"Botones para blusas, camisas y pantalones cuerno de b\u00fafalo\"}]},{\"@type\":\"WebSite\",\"@id\":\"https:\\\/\\\/www.augsburgerknopffabrik.de\\\/#website\",\"url\":\"https:\\\/\\\/www.augsburgerknopffabrik.de\\\/\",\"name\":\"Augsburger Knopffabrik\",\"description\":\"Knopfhersteller Kn\u00f6pfe B\u00fcffelhornkn\u00f6pfe\",\"potentialAction\":[{\"@type\":\"SearchAction\",\"target\":{\"@type\":\"EntryPoint\",\"urlTemplate\":\"https:\\\/\\\/www.augsburgerknopffabrik.de\\\/?s={search_term_string}\"},\"query-input\":{\"@type\":\"PropertyValueSpecification\",\"valueRequired\":true,\"valueName\":\"search_term_string\"}}],\"inLanguage\":\"es\"}]}<\/script>\n<!-- \/ Yoast SEO plugin. -->","yoast_head_json":{"title":"Botones para blusas, camisas y pantalones cuerno de b\u00fafalo - Augsburger Knopffabrik","robots":{"index":"index","follow":"follow","max-snippet":"max-snippet:-1","max-image-preview":"max-image-preview:large","max-video-preview":"max-video-preview:-1"},"canonical":"https:\/\/www.augsburgerknopffabrik.de\/es\/producto\/botones-para-blusas-camisas-y-pantalones-cuerno-de-bufalo\/","og_locale":"es_ES","og_type":"article","og_title":"Botones para blusas, camisas y pantalones cuerno de b\u00fafalo - Augsburger Knopffabrik","og_url":"https:\/\/www.augsburgerknopffabrik.de\/es\/producto\/botones-para-blusas-camisas-y-pantalones-cuerno-de-bufalo\/","og_site_name":"Augsburger Knopffabrik","twitter_card":"summary_large_image","schema":{"@context":"https:\/\/schema.org","@graph":[{"@type":"WebPage","@id":"https:\/\/www.augsburgerknopffabrik.de\/es\/producto\/botones-para-blusas-camisas-y-pantalones-cuerno-de-bufalo\/","url":"https:\/\/www.augsburgerknopffabrik.de\/es\/producto\/botones-para-blusas-camisas-y-pantalones-cuerno-de-bufalo\/","name":"Botones para blusas, camisas y pantalones cuerno de b\u00fafalo - Augsburger Knopffabrik","isPartOf":{"@id":"https:\/\/www.augsburgerknopffabrik.de\/#website"},"primaryImageOfPage":{"@id":"https:\/\/www.augsburgerknopffabrik.de\/es\/producto\/botones-para-blusas-camisas-y-pantalones-cuerno-de-bufalo\/#primaryimage"},"image":{"@id":"https:\/\/www.augsburgerknopffabrik.de\/es\/producto\/botones-para-blusas-camisas-y-pantalones-cuerno-de-bufalo\/#primaryimage"},"thumbnailUrl":"https:\/\/www.augsburgerknopffabrik.de\/wp-content\/uploads\/4080-grau-mel.-rotated-e1585649034304.webp","datePublished":"2026-03-31T11:49:22+00:00","breadcrumb":{"@id":"https:\/\/www.augsburgerknopffabrik.de\/es\/producto\/botones-para-blusas-camisas-y-pantalones-cuerno-de-bufalo\/#breadcrumb"},"inLanguage":"es","potentialAction":[{"@type":"ReadAction","target":["https:\/\/www.augsburgerknopffabrik.de\/es\/producto\/botones-para-blusas-camisas-y-pantalones-cuerno-de-bufalo\/"]}]},{"@type":"ImageObject","inLanguage":"es","@id":"https:\/\/www.augsburgerknopffabrik.de\/es\/producto\/botones-para-blusas-camisas-y-pantalones-cuerno-de-bufalo\/#primaryimage","url":"https:\/\/www.augsburgerknopffabrik.de\/wp-content\/uploads\/4080-grau-mel.-rotated-e1585649034304.webp","contentUrl":"https:\/\/www.augsburgerknopffabrik.de\/wp-content\/uploads\/4080-grau-mel.-rotated-e1585649034304.webp","width":700,"height":700},{"@type":"BreadcrumbList","@id":"https:\/\/www.augsburgerknopffabrik.de\/es\/producto\/botones-para-blusas-camisas-y-pantalones-cuerno-de-bufalo\/#breadcrumb","itemListElement":[{"@type":"ListItem","position":1,"name":"Startseite","item":"https:\/\/www.augsburgerknopffabrik.de\/es\/"},{"@type":"ListItem","position":2,"name":"Tienda","item":"https:\/\/www.augsburgerknopffabrik.de\/es\/tienda\/"},{"@type":"ListItem","position":3,"name":"Botones para blusas, camisas y pantalones cuerno de b\u00fafalo"}]},{"@type":"WebSite","@id":"https:\/\/www.augsburgerknopffabrik.de\/#website","url":"https:\/\/www.augsburgerknopffabrik.de\/","name":"Augsburger Knopffabrik","description":"Knopfhersteller Kn\u00f6pfe B\u00fcffelhornkn\u00f6pfe","potentialAction":[{"@type":"SearchAction","target":{"@type":"EntryPoint","urlTemplate":"https:\/\/www.augsburgerknopffabrik.de\/?s={search_term_string}"},"query-input":{"@type":"PropertyValueSpecification","valueRequired":true,"valueName":"search_term_string"}}],"inLanguage":"es"}]}},"_links":{"self":[{"href":"https:\/\/www.augsburgerknopffabrik.de\/es\/wp-json\/wp\/v2\/product\/28805","targetHints":{"allow":["GET"]}}],"collection":[{"href":"https:\/\/www.augsburgerknopffabrik.de\/es\/wp-json\/wp\/v2\/product"}],"about":[{"href":"https:\/\/www.augsburgerknopffabrik.de\/es\/wp-json\/wp\/v2\/types\/product"}],"wp:featuredmedia":[{"embeddable":true,"href":"https:\/\/www.augsburgerknopffabrik.de\/es\/wp-json\/wp\/v2\/media\/12838"}],"wp:attachment":[{"href":"https:\/\/www.augsburgerknopffabrik.de\/es\/wp-json\/wp\/v2\/media?parent=28805"}],"wp:term":[{"taxonomy":"product_brand","embeddable":true,"href":"https:\/\/www.augsburgerknopffabrik.de\/es\/wp-json\/wp\/v2\/product_brand?post=28805"},{"taxonomy":"product_cat","embeddable":true,"href":"https:\/\/www.augsburgerknopffabrik.de\/es\/wp-json\/wp\/v2\/product_cat?post=28805"},{"taxonomy":"product_tag","embeddable":true,"href":"https:\/\/www.augsburgerknopffabrik.de\/es\/wp-json\/wp\/v2\/product_tag?post=28805"}],"curies":[{"name":"wp","href":"https:\/\/api.w.org\/{rel}","templated":true}]}}